{"id":4457,"date":"2018-06-16T13:08:08","date_gmt":"2018-06-16T13:08:08","guid":{"rendered":"https:\/\/www.finsdesiecles-artdeco.com\/?product=aparadores"},"modified":"2022-10-13T14:27:29","modified_gmt":"2022-10-13T14:27:29","slug":"aparador-de-cuatro-puertas-italia-1940","status":"publish","type":"product","link":"https:\/\/www.finsdesiecles-artdeco.com\/es\/product\/aparador-de-cuatro-puertas-italia-1940\/","title":{"rendered":"Aparador de cuatro puertas &#8211; Italia 1940"},"content":{"rendered":"<p>Aparador de cuatro puertas &#8211; Italia 1940<\/p>\n<hr \/>\n<p><b>Dimensiones<\/b><\/p>\n<ul>\n<li><b>cm:<\/b> 191 x 43 x 101<\/li>\n<li><b>inches:<\/b> 75.2 x 16.93 x 39.76<\/li>\n<\/ul>\n","protected":false},"excerpt":{"rendered":"<p>Muy original aparador de cuatro puertas, nogal tintado y barnizado a mu\u00f1eca. Base curva lacada en negro. Puertas centrales con rejas de lat\u00f3n pulido y los vidrios originales con decoraci\u00f3n vegetal. Herrajes de lat\u00f3n pulido.<\/p>\n<p>Italia c. 1940<\/p>\n<p><b>Dimensiones<\/b><\/p>\n<ul>\n<li><b>cm:<\/b> 191 x 43 x 101<\/li>\n<li><b>inches:<\/b> 75.2 x 16.93 x 39.76<\/li>\n<\/ul>\n","protected":false},"featured_media":9647,"template":"","meta":{"_editorskit_title_hidden":false,"_editorskit_reading_time":0,"_editorskit_is_block_options_detached":false,"_editorskit_block_options_position":"{}","inline_featured_image":false},"product_brand":[],"product_cat":[412,274],"product_tag":[],"class_list":{"0":"post-4457","1":"product","2":"type-product","3":"status-publish","4":"has-post-thumbnail","6":"product_cat-almacenaje","7":"product_cat-aparadores","9":"first","10":"instock","11":"purchasable","12":"product-type-simple"},"_links":{"self":[{"href":"https:\/\/www.finsdesiecles-artdeco.com\/es\/wp-json\/wp\/v2\/product\/4457","targetHints":{"allow":["GET"]}}],"collection":[{"href":"https:\/\/www.finsdesiecles-artdeco.com\/es\/wp-json\/wp\/v2\/product"}],"about":[{"href":"https:\/\/www.finsdesiecles-artdeco.com\/es\/wp-json\/wp\/v2\/types\/product"}],"wp:featuredmedia":[{"embeddable":true,"href":"https:\/\/www.finsdesiecles-artdeco.com\/es\/wp-json\/wp\/v2\/media\/9647"}],"wp:attachment":[{"href":"https:\/\/www.finsdesiecles-artdeco.com\/es\/wp-json\/wp\/v2\/media?parent=4457"}],"wp:term":[{"taxonomy":"product_brand","embeddable":true,"href":"https:\/\/www.finsdesiecles-artdeco.com\/es\/wp-json\/wp\/v2\/product_brand?post=4457"},{"taxonomy":"product_cat","embeddable":true,"href":"https:\/\/www.finsdesiecles-artdeco.com\/es\/wp-json\/wp\/v2\/product_cat?post=4457"},{"taxonomy":"product_tag","embeddable":true,"href":"https:\/\/www.finsdesiecles-artdeco.com\/es\/wp-json\/wp\/v2\/product_tag?post=4457"}],"curies":[{"name":"wp","href":"https:\/\/api.w.org\/{rel}","templated":true}]}}