{"id":4585,"date":"2018-10-16T15:49:42","date_gmt":"2018-10-16T15:49:42","guid":{"rendered":"https:\/\/www.finsdesiecles-artdeco.com\/?product=librerias"},"modified":"2023-07-18T10:06:46","modified_gmt":"2023-07-18T10:06:46","slug":"pareja-de-pequenas-librerias-italia-1950","status":"publish","type":"product","link":"https:\/\/www.finsdesiecles-artdeco.com\/es\/product\/pareja-de-pequenas-librerias-italia-1950\/","title":{"rendered":"Pareja de peque\u00f1as librer\u00edas &#8211; Italia 1950"},"content":{"rendered":"<p>Pareja de peque\u00f1as librer\u00edas &#8211; Italia 1950<\/p>\n<hr \/>\n<p><b>Dimensiones<\/b><\/p>\n<ul>\n<li><b>cm:<\/b> 83 x 31 x 109<\/li>\n<li><b>inches:<\/b> 32.68 x 12.2 x 42.91<\/li>\n<\/ul>\n","protected":false},"excerpt":{"rendered":"<p>Pareja de peque\u00f1as librer\u00edas en acero ennegrecido, estantes modulables de caoba barnizada a mu\u00f1eca y encerada, casquillos regulables de lat\u00f3n niquelado.<\/p>\n<p>Italia c. 1950<\/p>\n<p>&nbsp;<\/p>\n<p><b>Dimensiones<\/b><\/p>\n<ul>\n<li><b>cm:<\/b> 83 x 31 x 109<\/li>\n<li><b>inches:<\/b> 32.68 x 12.2 x 42.91<\/li>\n<\/ul>\n","protected":false},"featured_media":24114,"template":"","meta":{"_editorskit_title_hidden":false,"_editorskit_reading_time":0,"_editorskit_is_block_options_detached":false,"_editorskit_block_options_position":"{}","inline_featured_image":false},"product_brand":[],"product_cat":[412,445,277,301],"product_tag":[],"class_list":{"0":"post-4585","1":"product","2":"type-product","3":"status-publish","4":"has-post-thumbnail","6":"product_cat-almacenaje","7":"product_cat-estantes","8":"product_cat-auxiliares1643813499","9":"product_cat-librerias-almacenaje","11":"first","12":"instock","13":"purchasable","14":"product-type-simple"},"_links":{"self":[{"href":"https:\/\/www.finsdesiecles-artdeco.com\/es\/wp-json\/wp\/v2\/product\/4585","targetHints":{"allow":["GET"]}}],"collection":[{"href":"https:\/\/www.finsdesiecles-artdeco.com\/es\/wp-json\/wp\/v2\/product"}],"about":[{"href":"https:\/\/www.finsdesiecles-artdeco.com\/es\/wp-json\/wp\/v2\/types\/product"}],"wp:featuredmedia":[{"embeddable":true,"href":"https:\/\/www.finsdesiecles-artdeco.com\/es\/wp-json\/wp\/v2\/media\/24114"}],"wp:attachment":[{"href":"https:\/\/www.finsdesiecles-artdeco.com\/es\/wp-json\/wp\/v2\/media?parent=4585"}],"wp:term":[{"taxonomy":"product_brand","embeddable":true,"href":"https:\/\/www.finsdesiecles-artdeco.com\/es\/wp-json\/wp\/v2\/product_brand?post=4585"},{"taxonomy":"product_cat","embeddable":true,"href":"https:\/\/www.finsdesiecles-artdeco.com\/es\/wp-json\/wp\/v2\/product_cat?post=4585"},{"taxonomy":"product_tag","embeddable":true,"href":"https:\/\/www.finsdesiecles-artdeco.com\/es\/wp-json\/wp\/v2\/product_tag?post=4585"}],"curies":[{"name":"wp","href":"https:\/\/api.w.org\/{rel}","templated":true}]}}