{"id":4743,"date":"2018-12-05T11:14:08","date_gmt":"2018-12-05T11:14:08","guid":{"rendered":"https:\/\/www.finsdesiecles-artdeco.com\/?product=apliques"},"modified":"2023-03-04T11:38:09","modified_gmt":"2023-03-04T11:38:09","slug":"pareja-de-apliques-sigma-de-sergio-mazza","status":"publish","type":"product","link":"https:\/\/www.finsdesiecles-artdeco.com\/es\/product\/pareja-de-apliques-sigma-de-sergio-mazza\/","title":{"rendered":"Pareja de apliques Sigma de Sergio Mazza"},"content":{"rendered":"<p><strong>Sergio Mazza<\/strong> (Mil\u00e1n, Italia, 1931)<\/p>\n<p>Dise\u00f1ador y editor milan\u00e9s, Mazza estudia arquitectura en Lausana. Tras graduarse en 1954, abre su propio estudio. En 1960 cofunda Artemide con el ingeniero y dise\u00f1ador Ernesto Gismondi. Su objetivo es producir productos atemporales y t\u00e9cnicamente innovadores. Mazza dise\u00f1a el primer producto con \u00e9xito de la compa\u00f1\u00eda, la l\u00e1mpara Alfa (1959), que incorpora elementos naturales y artificiales de vidrio, m\u00e1rmol y metal.<\/p>\n<p>Otros dise\u00f1os notables incluyen la l\u00e1mpara Delta (1963), el sill\u00f3n Mida (1966), la barra Bacco (1967) y la silla Toga apilable (1968), hecha de una sola pieza de fibra de vidrio y que se muestra por primera vez en la Exposici\u00f3n Internacional del Mueble en Mil\u00e1n en 1969.<\/p>\n<p>En 1961, Mazza se separa de Gismondi y, junto con la arquitecta Giuliana Gramigna, abre su Studio Smc, con sede en Mil\u00e1n. Juntos dise\u00f1an muebles y otros productos para Arflex, Artemide, Cinova, Formica, Krupp, Poltrona Frau, Quattrifolio, Saporiti y Valenti. Desde 1966 hasta 1988, Mazza es codirector de Ottagono, una revista que desempe\u00f1a un papel importante en el apoyo a la cultura del dise\u00f1o italiano contempor\u00e1neo. En 1967, Mazza empieza a dise\u00f1ar para la empresa industrial italiana Olivari.<\/p>\n<p>A lo largo de su ilustre carrera, Mazza recibe muchos honores y premios, incluida una medalla de plata por su <em>Appartamento Italiano<\/em> en la exposici\u00f3n 10a Triennale de Mil\u00e1n en 1954, y un <em>Compasso d&#8217;Oro<\/em> por la l\u00e1mpara Delta en 1960. Un modelo de su silla Toga se conserva en el Museo V&amp;A de Londres.<\/p>\n","protected":false},"excerpt":{"rendered":"<p>Pareja de apliques Sigma,\u00a0 lat\u00f3n niquelado mate y vidrio prensado.<\/p>\n<p>Dise\u00f1o: Sergio Mazza<\/p>\n<p>Editor: Artemide<\/p>\n<p>Italia c. 1960<\/p>\n<p>&nbsp;<\/p>\n<p>Stock: tres pares<\/p>\n<p><b>Dimensiones<\/b><\/p>\n<ul>\n<li><b>cm:<\/b> 13 x 28 x 19<\/li>\n<li><b>inches:<\/b> 5.12 x 11.02 x 7.48<\/li>\n<\/ul>\n","protected":false},"featured_media":9029,"template":"","meta":{"_editorskit_title_hidden":false,"_editorskit_reading_time":0,"_editorskit_is_block_options_detached":false,"_editorskit_block_options_position":"{}","inline_featured_image":false},"product_brand":[],"product_cat":[265,355],"product_tag":[],"class_list":{"0":"post-4743","1":"product","2":"type-product","3":"status-publish","4":"has-post-thumbnail","6":"product_cat-iluminacion","7":"product_cat-apliques","9":"first","10":"instock","11":"purchasable","12":"product-type-simple"},"_links":{"self":[{"href":"https:\/\/www.finsdesiecles-artdeco.com\/es\/wp-json\/wp\/v2\/product\/4743","targetHints":{"allow":["GET"]}}],"collection":[{"href":"https:\/\/www.finsdesiecles-artdeco.com\/es\/wp-json\/wp\/v2\/product"}],"about":[{"href":"https:\/\/www.finsdesiecles-artdeco.com\/es\/wp-json\/wp\/v2\/types\/product"}],"wp:featuredmedia":[{"embeddable":true,"href":"https:\/\/www.finsdesiecles-artdeco.com\/es\/wp-json\/wp\/v2\/media\/9029"}],"wp:attachment":[{"href":"https:\/\/www.finsdesiecles-artdeco.com\/es\/wp-json\/wp\/v2\/media?parent=4743"}],"wp:term":[{"taxonomy":"product_brand","embeddable":true,"href":"https:\/\/www.finsdesiecles-artdeco.com\/es\/wp-json\/wp\/v2\/product_brand?post=4743"},{"taxonomy":"product_cat","embeddable":true,"href":"https:\/\/www.finsdesiecles-artdeco.com\/es\/wp-json\/wp\/v2\/product_cat?post=4743"},{"taxonomy":"product_tag","embeddable":true,"href":"https:\/\/www.finsdesiecles-artdeco.com\/es\/wp-json\/wp\/v2\/product_tag?post=4743"}],"curies":[{"name":"wp","href":"https:\/\/api.w.org\/{rel}","templated":true}]}}