{"id":4772,"date":"2018-12-11T11:47:20","date_gmt":"2018-12-11T11:47:20","guid":{"rendered":"https:\/\/www.finsdesiecles-artdeco.com\/?product=lamparas-de-pie"},"modified":"2022-10-08T10:42:28","modified_gmt":"2022-10-08T10:42:28","slug":"lampara-de-pie-de-estilo-art-deco-alemania-1990","status":"publish","type":"product","link":"https:\/\/www.finsdesiecles-artdeco.com\/es\/product\/lampara-de-pie-de-estilo-art-deco-alemania-1990\/","title":{"rendered":"L\u00e1mpara de pie de estilo Art Dec\u00f3 &#8211; Alemania 1990"},"content":{"rendered":"<p>L\u00e1mpara de pie de estilo <em>art dec\u00f3<\/em> &#8211; Alemania 1990<\/p>\n<hr \/>\n<p><b>Dimensiones<\/b><\/p>\n<ul>\n<li><b>cm:<\/b> Diam 58 x 180<\/li>\n<li><b>inches:<\/b> Diam 22.83 x 70.87<\/li>\n<\/ul>\n","protected":false},"excerpt":{"rendered":"<p>Gran l\u00e1mpara de pie de estilo <em>art dec\u00f3,<\/em> estructura de madera forrada con piel imitaci\u00f3n pit\u00f3n, pantalla y accesorios de lat\u00f3n niquelado.<\/p>\n<p>Alemania 1990 &#8211; 2000<\/p>\n<p><b>Dimensiones<\/b><\/p>\n<ul>\n<li><b>cm:<\/b> Diam 58 x 180<\/li>\n<li><b>inches:<\/b> Diam 22.83 x 70.87<\/li>\n<\/ul>\n","protected":false},"featured_media":9023,"template":"","meta":{"_editorskit_title_hidden":false,"_editorskit_reading_time":0,"_editorskit_is_block_options_detached":false,"_editorskit_block_options_position":"{}","inline_featured_image":false},"product_brand":[],"product_cat":[265,331],"product_tag":[],"class_list":{"0":"post-4772","1":"product","2":"type-product","3":"status-publish","4":"has-post-thumbnail","6":"product_cat-iluminacion","7":"product_cat-lamparas-de-pie","9":"first","10":"instock","11":"purchasable","12":"product-type-simple"},"_links":{"self":[{"href":"https:\/\/www.finsdesiecles-artdeco.com\/es\/wp-json\/wp\/v2\/product\/4772","targetHints":{"allow":["GET"]}}],"collection":[{"href":"https:\/\/www.finsdesiecles-artdeco.com\/es\/wp-json\/wp\/v2\/product"}],"about":[{"href":"https:\/\/www.finsdesiecles-artdeco.com\/es\/wp-json\/wp\/v2\/types\/product"}],"wp:featuredmedia":[{"embeddable":true,"href":"https:\/\/www.finsdesiecles-artdeco.com\/es\/wp-json\/wp\/v2\/media\/9023"}],"wp:attachment":[{"href":"https:\/\/www.finsdesiecles-artdeco.com\/es\/wp-json\/wp\/v2\/media?parent=4772"}],"wp:term":[{"taxonomy":"product_brand","embeddable":true,"href":"https:\/\/www.finsdesiecles-artdeco.com\/es\/wp-json\/wp\/v2\/product_brand?post=4772"},{"taxonomy":"product_cat","embeddable":true,"href":"https:\/\/www.finsdesiecles-artdeco.com\/es\/wp-json\/wp\/v2\/product_cat?post=4772"},{"taxonomy":"product_tag","embeddable":true,"href":"https:\/\/www.finsdesiecles-artdeco.com\/es\/wp-json\/wp\/v2\/product_tag?post=4772"}],"curies":[{"name":"wp","href":"https:\/\/api.w.org\/{rel}","templated":true}]}}