{"id":4959,"date":"2019-02-12T15:27:20","date_gmt":"2019-02-12T15:27:20","guid":{"rendered":"https:\/\/www.finsdesiecles-artdeco.com\/?product=aparadores"},"modified":"2023-07-21T10:22:50","modified_gmt":"2023-07-21T10:22:50","slug":"aparador-redondeado-art-deco-de-jean-faure-francia-1930","status":"publish","type":"product","link":"https:\/\/www.finsdesiecles-artdeco.com\/es\/product\/aparador-redondeado-art-deco-de-jean-faure-francia-1930\/","title":{"rendered":"Aparador redondeado Art Dec\u00f3 de Jean Faur\u00e9 &#8211; Francia 1930"},"content":{"rendered":"<p><strong>JEAN FAUR\u00c9 <\/strong>(Toulouse 1896-1983)<\/p>\n<p>Nacido en un ambiente propicio para su desarrollo como ebanista, Jean Faur\u00e9 entra a trabajar a los 13 a\u00f1os en el taller de L\u00e9on Arbus, en el que su padre era un operario. Estudia en la Escuela de Bellas Artes de Toulouse (1910-1914) y completa su formaci\u00f3n en el taller de Alet. En 1923 participa en la Exposici\u00f3n de Artes Decorativas y Aplicadas de Bayona-Biarritz (diploma de honor) y en la de Artes Decorativas de T\u00e1nger. Sus piezas se caracterizan por l\u00edneas limpias, vol\u00famenes rigurosos y materiales tradicionales. Junto a muebles menos costosos, multiplica los conjuntos lujosos y crea originales muebles construidos seg\u00fan su propio criterio, en los que prima la est\u00e9tica, con la combinaci\u00f3n de maderas nobles (palisandro, amaranto, \u00e9bano de Macasar, bubinga, tamo japon\u00e9s, etc.) y adornos en bronce. Faur\u00e9 participa activamente en la renovaci\u00f3n del arte mobiliario de Toulouse, tanto desde el punto de vista te\u00f3rico, reflexionando sobre su profesi\u00f3n, de ah\u00ed los escritos publicados en <em>Art M\u00e9ridional<\/em>, como pr\u00e1ctico, aplicando sus concepciones de la ebanister\u00eda a sus creaciones.<\/p>\n","protected":false},"excerpt":{"rendered":"<p>Espectacular gran aparador redondeado <em>art dec\u00f3<\/em>, estructura de roble con chapado de \u00e9bano de Macassar y arce moteado barnizados a mu\u00f1eca. Cinco cajones con tiradores de \u00e9bano de Macassar macizo. Interiores de roble macizo y sobres de m\u00e1rmol Portor grueso en tres partes. Mueble de calidad excepcional.<\/p>\n<p>Dise\u00f1o del ebanista Jean Faur\u00e9 &#8211; Escuela de Toulouse<\/p>\n<p>Francia c. 1930<\/p>\n<p>Documentacion : <em>D\u00e9corateurs Toulousains<\/em>, Sophie Vinel, Editions de l&#8217;Amateur.<\/p>\n<p>&nbsp;<\/p>\n<p><b>Dimensiones<\/b><\/p>\n<ul>\n<li><b>cm:<\/b> 301 x 54 x 110<\/li>\n<li><b>inches:<\/b> 118.5 x 21.26 x 43.31<\/li>\n<\/ul>\n","protected":false},"featured_media":9625,"template":"","meta":{"_editorskit_title_hidden":false,"_editorskit_reading_time":0,"_editorskit_is_block_options_detached":false,"_editorskit_block_options_position":"{}","inline_featured_image":false},"product_brand":[],"product_cat":[412,274],"product_tag":[],"class_list":{"0":"post-4959","1":"product","2":"type-product","3":"status-publish","4":"has-post-thumbnail","6":"product_cat-almacenaje","7":"product_cat-aparadores","9":"first","10":"instock","11":"purchasable","12":"product-type-simple"},"_links":{"self":[{"href":"https:\/\/www.finsdesiecles-artdeco.com\/es\/wp-json\/wp\/v2\/product\/4959","targetHints":{"allow":["GET"]}}],"collection":[{"href":"https:\/\/www.finsdesiecles-artdeco.com\/es\/wp-json\/wp\/v2\/product"}],"about":[{"href":"https:\/\/www.finsdesiecles-artdeco.com\/es\/wp-json\/wp\/v2\/types\/product"}],"wp:featuredmedia":[{"embeddable":true,"href":"https:\/\/www.finsdesiecles-artdeco.com\/es\/wp-json\/wp\/v2\/media\/9625"}],"wp:attachment":[{"href":"https:\/\/www.finsdesiecles-artdeco.com\/es\/wp-json\/wp\/v2\/media?parent=4959"}],"wp:term":[{"taxonomy":"product_brand","embeddable":true,"href":"https:\/\/www.finsdesiecles-artdeco.com\/es\/wp-json\/wp\/v2\/product_brand?post=4959"},{"taxonomy":"product_cat","embeddable":true,"href":"https:\/\/www.finsdesiecles-artdeco.com\/es\/wp-json\/wp\/v2\/product_cat?post=4959"},{"taxonomy":"product_tag","embeddable":true,"href":"https:\/\/www.finsdesiecles-artdeco.com\/es\/wp-json\/wp\/v2\/product_tag?post=4959"}],"curies":[{"name":"wp","href":"https:\/\/api.w.org\/{rel}","templated":true}]}}