{"id":5022,"date":"2019-02-26T11:05:06","date_gmt":"2019-02-26T11:05:06","guid":{"rendered":"https:\/\/www.finsdesiecles-artdeco.com\/?product=ceramicas"},"modified":"2022-10-07T11:03:29","modified_gmt":"2022-10-07T11:03:29","slug":"macetero-art-deco-de-orchies-francia-1930","status":"publish","type":"product","link":"https:\/\/www.finsdesiecles-artdeco.com\/es\/product\/macetero-art-deco-de-orchies-francia-1930\/","title":{"rendered":"Macetero Art Dec\u00f3 de Orchies &#8211; Francia 1930"},"content":{"rendered":"<p>Macetero <em>art dec\u00f3<\/em> de Orchies &#8211; Francia 1930<\/p>\n<hr \/>\n<p><b>Dimensiones<\/b><\/p>\n<ul>\n<li><b>cm:<\/b> Diam 31 x 28<\/li>\n<li><b>inches:<\/b> Diam 12.2 x 11.02<\/li>\n<\/ul>\n","protected":false},"excerpt":{"rendered":"<p>Gran macetero <em>art dec\u00f3<\/em> de cer\u00e1mica esmaltada en amarillo con decoraci\u00f3n geom\u00e9trica.<\/p>\n<p>Fabricante: Orchies<\/p>\n<p>Francia c. 1930<\/p>\n<p><b>Dimensiones<\/b><\/p>\n<ul>\n<li><b>cm:<\/b> Diam 31 x 28<\/li>\n<li><b>inches:<\/b> Diam 12.2 x 11.02<\/li>\n<\/ul>\n","protected":false},"featured_media":9215,"template":"","meta":{"_editorskit_title_hidden":false,"_editorskit_reading_time":0,"_editorskit_is_block_options_detached":false,"_editorskit_block_options_position":"{}","inline_featured_image":false},"product_brand":[],"product_cat":[463,268],"product_tag":[],"class_list":{"0":"post-5022","1":"product","2":"type-product","3":"status-publish","4":"has-post-thumbnail","6":"product_cat-ceramicas","7":"product_cat-objetos-y-adornos","9":"first","10":"instock","11":"purchasable","12":"product-type-simple"},"_links":{"self":[{"href":"https:\/\/www.finsdesiecles-artdeco.com\/es\/wp-json\/wp\/v2\/product\/5022","targetHints":{"allow":["GET"]}}],"collection":[{"href":"https:\/\/www.finsdesiecles-artdeco.com\/es\/wp-json\/wp\/v2\/product"}],"about":[{"href":"https:\/\/www.finsdesiecles-artdeco.com\/es\/wp-json\/wp\/v2\/types\/product"}],"wp:featuredmedia":[{"embeddable":true,"href":"https:\/\/www.finsdesiecles-artdeco.com\/es\/wp-json\/wp\/v2\/media\/9215"}],"wp:attachment":[{"href":"https:\/\/www.finsdesiecles-artdeco.com\/es\/wp-json\/wp\/v2\/media?parent=5022"}],"wp:term":[{"taxonomy":"product_brand","embeddable":true,"href":"https:\/\/www.finsdesiecles-artdeco.com\/es\/wp-json\/wp\/v2\/product_brand?post=5022"},{"taxonomy":"product_cat","embeddable":true,"href":"https:\/\/www.finsdesiecles-artdeco.com\/es\/wp-json\/wp\/v2\/product_cat?post=5022"},{"taxonomy":"product_tag","embeddable":true,"href":"https:\/\/www.finsdesiecles-artdeco.com\/es\/wp-json\/wp\/v2\/product_tag?post=5022"}],"curies":[{"name":"wp","href":"https:\/\/api.w.org\/{rel}","templated":true}]}}