{"id":5200,"date":"2019-03-25T13:19:36","date_gmt":"2019-03-25T13:19:36","guid":{"rendered":"https:\/\/www.finsdesiecles-artdeco.com\/?product=sillas"},"modified":"2022-08-22T17:32:59","modified_gmt":"2022-08-22T17:32:59","slug":"serie-de-seis-sillas-art-deco-francia-1930","status":"publish","type":"product","link":"https:\/\/www.finsdesiecles-artdeco.com\/es\/product\/serie-de-seis-sillas-art-deco-francia-1930\/","title":{"rendered":"Juego de seis sillas Art Dec\u00f3 &#8211; Francia 1930"},"content":{"rendered":"<p>Juego de seis sillas <em>art dec\u00f3<\/em> &#8211; Francia 1930<\/p>\n<hr \/>\n<p><b>Dimensiones<\/b><\/p>\n<ul>\n<li><b>cm:<\/b> 44 x 49 x 80 Asiento 46<\/li>\n<li><b>inches:<\/b> 17.32 x 19.29 x 31.5 Asiento 18.11<\/li>\n<\/ul>\n","protected":false},"excerpt":{"rendered":"<p>Juego de seis sillas <em>art dec\u00f3<\/em>, nogal macizo y chapado de \u00e9bano de Macassar barnizado a mu\u00f1eca, nuevos asientos con tapicer\u00eda de terciopelo verde celad\u00f3n.<\/p>\n<p>Francia c. 1930<\/p>\n<p><b>Dimensiones<\/b><\/p>\n<ul>\n<li><b>cm:<\/b> 44 x 49 x 80 Asiento 46<\/li>\n<li><b>inches:<\/b> 17.32 x 19.29 x 31.5 Asiento 18.11<\/li>\n<\/ul>\n","protected":false},"featured_media":9371,"template":"","meta":{"_editorskit_title_hidden":false,"_editorskit_reading_time":0,"_editorskit_is_block_options_detached":false,"_editorskit_block_options_position":"{}","inline_featured_image":false},"product_brand":[],"product_cat":[252,280],"product_tag":[],"class_list":{"0":"post-5200","1":"product","2":"type-product","3":"status-publish","4":"has-post-thumbnail","6":"product_cat-asientos1643813446","7":"product_cat-sillas2","9":"first","10":"instock","11":"purchasable","12":"product-type-simple"},"_links":{"self":[{"href":"https:\/\/www.finsdesiecles-artdeco.com\/es\/wp-json\/wp\/v2\/product\/5200","targetHints":{"allow":["GET"]}}],"collection":[{"href":"https:\/\/www.finsdesiecles-artdeco.com\/es\/wp-json\/wp\/v2\/product"}],"about":[{"href":"https:\/\/www.finsdesiecles-artdeco.com\/es\/wp-json\/wp\/v2\/types\/product"}],"wp:featuredmedia":[{"embeddable":true,"href":"https:\/\/www.finsdesiecles-artdeco.com\/es\/wp-json\/wp\/v2\/media\/9371"}],"wp:attachment":[{"href":"https:\/\/www.finsdesiecles-artdeco.com\/es\/wp-json\/wp\/v2\/media?parent=5200"}],"wp:term":[{"taxonomy":"product_brand","embeddable":true,"href":"https:\/\/www.finsdesiecles-artdeco.com\/es\/wp-json\/wp\/v2\/product_brand?post=5200"},{"taxonomy":"product_cat","embeddable":true,"href":"https:\/\/www.finsdesiecles-artdeco.com\/es\/wp-json\/wp\/v2\/product_cat?post=5200"},{"taxonomy":"product_tag","embeddable":true,"href":"https:\/\/www.finsdesiecles-artdeco.com\/es\/wp-json\/wp\/v2\/product_tag?post=5200"}],"curies":[{"name":"wp","href":"https:\/\/api.w.org\/{rel}","templated":true}]}}