{"id":5319,"date":"2019-04-26T11:55:32","date_gmt":"2019-04-26T11:55:32","guid":{"rendered":"https:\/\/www.finsdesiecles-artdeco.com\/?product=mesas-de-centro"},"modified":"2023-02-17T16:04:31","modified_gmt":"2023-02-17T16:04:31","slug":"mesa-de-salon-tripode-de-guglielmo-ulrich-italia-1958","status":"publish","type":"product","link":"https:\/\/www.finsdesiecles-artdeco.com\/es\/product\/mesa-de-salon-tripode-de-guglielmo-ulrich-italia-1958\/","title":{"rendered":"Mesa de sal\u00f3n tr\u00edpode de Guglielmo Ulrich &#8211; Italia 1958"},"content":{"rendered":"<p><strong>Guglielmo Ulrich<\/strong> (Milan, Italia, 1904 -1977)<\/p>\n<p>Nacido en el seno de una familia de origen dan\u00e9s, Guglielmo Ulrich se consagr\u00f3 como el arquitecto de la clase alta milanesa a finales de los a\u00f1os 20 y permaneci\u00f3 en activo hasta los 70. Conocido por sus muebles de lujo moderno, de materiales refinados y ejecuci\u00f3n excepcional, Ulrich dise\u00f1\u00f3 principalmente sillas, sillones, consolas y mesas de l\u00edneas aerodin\u00e1micas. La inclinaci\u00f3n natural de Ulrich por los muebles se uni\u00f3 a su pasi\u00f3n por la arquitectura cuando dise\u00f1\u00f3 las casas de algunas de las grandes familias milanesas (Crespi, Pirelli), as\u00ed como famosos talleres de moda, desde Curiel hasta Schubert, y elegantes tiendas en el coraz\u00f3n de Mil\u00e1n, desde la joyer\u00eda Faraone a la tienda de sedas Ferrari. Fundador de la empresa de muebles Arca, junto con el empresario suizo Renato Wild, Ulrich tambi\u00e9n dirigi\u00f3 la revista Domus de 1942 a 1943 junto con el arquitecto Melchiorre Bega.<\/p>\n","protected":false},"excerpt":{"rendered":"<p>Gran mesa de sal\u00f3n tr\u00edpode en palo de rosa barnizada a mu\u00f1eca y vidrio original de gran espesor.<\/p>\n<p>Dise\u00f1o: Guglielmo Ulrich.<\/p>\n<p>Italia c. 1958<\/p>\n<p><b>Dimensiones<\/b><\/p>\n<ul>\n<li><b>cm:<\/b> Diam 90 x 54<\/li>\n<li><b>inches:<\/b> Diam 35.43 x 21.26<\/li>\n<\/ul>\n","protected":false},"featured_media":9619,"template":"","meta":{"_editorskit_title_hidden":false,"_editorskit_reading_time":0,"_editorskit_is_block_options_detached":false,"_editorskit_block_options_position":"{}","inline_featured_image":false},"product_brand":[],"product_cat":[258,292],"product_tag":[],"class_list":{"0":"post-5319","1":"product","2":"type-product","3":"status-publish","4":"has-post-thumbnail","6":"product_cat-mesas","7":"product_cat-centro","9":"first","10":"instock","11":"purchasable","12":"product-type-simple"},"_links":{"self":[{"href":"https:\/\/www.finsdesiecles-artdeco.com\/es\/wp-json\/wp\/v2\/product\/5319","targetHints":{"allow":["GET"]}}],"collection":[{"href":"https:\/\/www.finsdesiecles-artdeco.com\/es\/wp-json\/wp\/v2\/product"}],"about":[{"href":"https:\/\/www.finsdesiecles-artdeco.com\/es\/wp-json\/wp\/v2\/types\/product"}],"wp:featuredmedia":[{"embeddable":true,"href":"https:\/\/www.finsdesiecles-artdeco.com\/es\/wp-json\/wp\/v2\/media\/9619"}],"wp:attachment":[{"href":"https:\/\/www.finsdesiecles-artdeco.com\/es\/wp-json\/wp\/v2\/media?parent=5319"}],"wp:term":[{"taxonomy":"product_brand","embeddable":true,"href":"https:\/\/www.finsdesiecles-artdeco.com\/es\/wp-json\/wp\/v2\/product_brand?post=5319"},{"taxonomy":"product_cat","embeddable":true,"href":"https:\/\/www.finsdesiecles-artdeco.com\/es\/wp-json\/wp\/v2\/product_cat?post=5319"},{"taxonomy":"product_tag","embeddable":true,"href":"https:\/\/www.finsdesiecles-artdeco.com\/es\/wp-json\/wp\/v2\/product_tag?post=5319"}],"curies":[{"name":"wp","href":"https:\/\/api.w.org\/{rel}","templated":true}]}}