{"id":5346,"date":"2019-05-03T13:36:18","date_gmt":"2019-05-03T13:36:18","guid":{"rendered":"https:\/\/www.finsdesiecles-artdeco.com\/?product=lamparas-de-pie"},"modified":"2023-02-11T10:56:34","modified_gmt":"2023-02-11T10:56:34","slug":"lampara-de-pie-estriado-de-jordi-vilanova-barcelona-1960","status":"publish","type":"product","link":"https:\/\/www.finsdesiecles-artdeco.com\/es\/product\/lampara-de-pie-estriado-de-jordi-vilanova-barcelona-1960\/","title":{"rendered":"L\u00e1mpara de pie de Jordi Vilanova &#8211; Barcelona 1960"},"content":{"rendered":"<p>Interiorista y ebanista catal\u00e1n. Estudi\u00f3 en la Escola del Treball i Oficis Art\u00edstics y en La Llotja, y se form\u00f3 en la Casa Busquets y en el taller de decoraci\u00f3n de Lluis Gili, hasta fundar su propia empresa de interiorismo en 1952. Fue miembro del grupo art\u00edstico multidisciplinario La Cantonada (1960-1975). Su mobiliario moderno y su planteamiento de los espacios no fueron entendidos por la gran mayor\u00eda, a la que iba dirigida su obra, y fue cierta burgues\u00eda catalana, deseosa de romper con los c\u00e1nones estil\u00edsticos anticuados, quien lo acogi\u00f3. Gran admirador y experto en dise\u00f1o n\u00f3rdico, Vilanova es conocido como el introductor en Espa\u00f1a de los muebles de madera blanca, es decir, muebles sin color ni barniz brillante, funcionales, sencillos y refinados. Su especialidad fue el mobiliario infantil, como el taburete Delta, que gan\u00f3 el Premio Delta de Plata que otorg\u00f3 ADI\/FAD en 1964. Otros dise\u00f1os representativos son: las sillas Tiracord y Billar (1961); la litera Montseny MP (1961); las mecedoras Tartera (1966) y Petit (1978) y el revistero Z (1987), dise\u00f1ado junto a su hijo Pau Vilanova. Todos estos muebles est\u00e1n expuestos en el Museo del Dise\u00f1o de Barcelona.<\/p>\n","protected":false},"excerpt":{"rendered":"<p>L\u00e1mpara de pie en nogal macizo estriado, te\u00f1ido y encerado con base de lat\u00f3n macizo pulido. Doble sistema de iluminaci\u00f3n nuevo. Pantalla de tela color topo.<\/p>\n<p>Dise\u00f1o: Jordi Vilanova.<\/p>\n<p>Espa\u00f1a, Barcelona c. 1960<\/p>\n<p><b>Dimensiones<\/b><\/p>\n<ul>\n<li><b>cm:<\/b> Diam 64 x 166 Base Diam 54<\/li>\n<li><b>inches:<\/b> Diam 25.2 x 65.35 Base Diam 21.26<\/li>\n<\/ul>\n","protected":false},"featured_media":8981,"template":"","meta":{"_editorskit_title_hidden":false,"_editorskit_reading_time":0,"_editorskit_is_block_options_detached":false,"_editorskit_block_options_position":"{}","inline_featured_image":false},"product_brand":[],"product_cat":[265,331],"product_tag":[],"class_list":{"0":"post-5346","1":"product","2":"type-product","3":"status-publish","4":"has-post-thumbnail","6":"product_cat-iluminacion","7":"product_cat-lamparas-de-pie","9":"first","10":"instock","11":"purchasable","12":"product-type-simple"},"_links":{"self":[{"href":"https:\/\/www.finsdesiecles-artdeco.com\/es\/wp-json\/wp\/v2\/product\/5346","targetHints":{"allow":["GET"]}}],"collection":[{"href":"https:\/\/www.finsdesiecles-artdeco.com\/es\/wp-json\/wp\/v2\/product"}],"about":[{"href":"https:\/\/www.finsdesiecles-artdeco.com\/es\/wp-json\/wp\/v2\/types\/product"}],"wp:featuredmedia":[{"embeddable":true,"href":"https:\/\/www.finsdesiecles-artdeco.com\/es\/wp-json\/wp\/v2\/media\/8981"}],"wp:attachment":[{"href":"https:\/\/www.finsdesiecles-artdeco.com\/es\/wp-json\/wp\/v2\/media?parent=5346"}],"wp:term":[{"taxonomy":"product_brand","embeddable":true,"href":"https:\/\/www.finsdesiecles-artdeco.com\/es\/wp-json\/wp\/v2\/product_brand?post=5346"},{"taxonomy":"product_cat","embeddable":true,"href":"https:\/\/www.finsdesiecles-artdeco.com\/es\/wp-json\/wp\/v2\/product_cat?post=5346"},{"taxonomy":"product_tag","embeddable":true,"href":"https:\/\/www.finsdesiecles-artdeco.com\/es\/wp-json\/wp\/v2\/product_tag?post=5346"}],"curies":[{"name":"wp","href":"https:\/\/api.w.org\/{rel}","templated":true}]}}