{"id":5689,"date":"2019-09-30T12:53:18","date_gmt":"2019-09-30T12:53:18","guid":{"rendered":"https:\/\/www.finsdesiecles-artdeco.com\/?product=mesas-auxiliares"},"modified":"2022-09-29T11:46:43","modified_gmt":"2022-09-29T11:46:43","slug":"mesa-de-fumador-art-deco-belgica-1935","status":"publish","type":"product","link":"https:\/\/www.finsdesiecles-artdeco.com\/es\/product\/mesa-de-fumador-art-deco-belgica-1935\/","title":{"rendered":"Mesa de fumador Art Dec\u00f3 &#8211; B\u00e9lgica 1935"},"content":{"rendered":"<p>Mesa de fumador <em>art dec\u00f3<\/em> &#8211; B\u00e9lgica 1935<\/p>\n<hr \/>\n<p><b>Dimensiones<\/b><\/p>\n<ul>\n<li><b>cm:<\/b> 63 x 39 x 76<\/li>\n<li><b>inches:<\/b> 24.8 x 15.35 x 29.92<\/li>\n<\/ul>\n","protected":false},"excerpt":{"rendered":"<p>Mesa de fumador <em>art dec\u00f3<\/em> con pie de metal cromado y bolas de bakelita, un estante con cenicero (bakelita) y porta cerillas regulable en altura, sobre de madera maciza con marqueter\u00eda de \u00e9bano de Macassar, barnizada a mu\u00f1eca.<\/p>\n<p>B\u00e9lgica c. 1935<\/p>\n<p><b>Dimensiones<\/b><\/p>\n<ul>\n<li><b>cm:<\/b> 63 x 39 x 76<\/li>\n<li><b>inches:<\/b> 24.8 x 15.35 x 29.92<\/li>\n<\/ul>\n","protected":false},"featured_media":9603,"template":"","meta":{"_editorskit_title_hidden":false,"_editorskit_reading_time":0,"_editorskit_is_block_options_detached":false,"_editorskit_block_options_position":"{}","inline_featured_image":false},"product_brand":[],"product_cat":[258,259],"product_tag":[],"class_list":{"0":"post-5689","1":"product","2":"type-product","3":"status-publish","4":"has-post-thumbnail","6":"product_cat-mesas","7":"product_cat-auxiliares","9":"first","10":"instock","11":"purchasable","12":"product-type-simple"},"_links":{"self":[{"href":"https:\/\/www.finsdesiecles-artdeco.com\/es\/wp-json\/wp\/v2\/product\/5689","targetHints":{"allow":["GET"]}}],"collection":[{"href":"https:\/\/www.finsdesiecles-artdeco.com\/es\/wp-json\/wp\/v2\/product"}],"about":[{"href":"https:\/\/www.finsdesiecles-artdeco.com\/es\/wp-json\/wp\/v2\/types\/product"}],"wp:featuredmedia":[{"embeddable":true,"href":"https:\/\/www.finsdesiecles-artdeco.com\/es\/wp-json\/wp\/v2\/media\/9603"}],"wp:attachment":[{"href":"https:\/\/www.finsdesiecles-artdeco.com\/es\/wp-json\/wp\/v2\/media?parent=5689"}],"wp:term":[{"taxonomy":"product_brand","embeddable":true,"href":"https:\/\/www.finsdesiecles-artdeco.com\/es\/wp-json\/wp\/v2\/product_brand?post=5689"},{"taxonomy":"product_cat","embeddable":true,"href":"https:\/\/www.finsdesiecles-artdeco.com\/es\/wp-json\/wp\/v2\/product_cat?post=5689"},{"taxonomy":"product_tag","embeddable":true,"href":"https:\/\/www.finsdesiecles-artdeco.com\/es\/wp-json\/wp\/v2\/product_tag?post=5689"}],"curies":[{"name":"wp","href":"https:\/\/api.w.org\/{rel}","templated":true}]}}