{"id":5775,"date":"2019-11-16T13:14:28","date_gmt":"2019-11-16T13:14:28","guid":{"rendered":"https:\/\/www.finsdesiecles-artdeco.com\/?product=mesas-de-centro"},"modified":"2022-09-24T17:37:08","modified_gmt":"2022-09-24T17:37:08","slug":"mesa-de-centro-de-guerin-belgica-1958","status":"publish","type":"product","link":"https:\/\/www.finsdesiecles-artdeco.com\/es\/product\/mesa-de-centro-de-guerin-belgica-1958\/","title":{"rendered":"Mesa de centro de Gu\u00e9rin &#8211; B\u00e9lgica 1958"},"content":{"rendered":"<p>Mesa de centro de Gu\u00e9rin &#8211; B\u00e9lgica 1958<\/p>\n<hr \/>\n<p><b>Dimensiones<\/b><\/p>\n<ul>\n<li><b>cm:<\/b> 101 x 41 x 51<\/li>\n<li><b>inches:<\/b> 39.76 x 16.14 x 20.08<\/li>\n<\/ul>\n","protected":false},"excerpt":{"rendered":"<p>Mesa de centro de hierro forjado, sobre con placas de cer\u00e1mica pintada a mano.<\/p>\n<p>Firmadas: Gres Gu\u00e9rin, Belgique 1958.<\/p>\n<p><b>Dimensiones<\/b><\/p>\n<ul>\n<li><b>cm:<\/b> 101 x 41 x 51<\/li>\n<li><b>inches:<\/b> 39.76 x 16.14 x 20.08<\/li>\n<\/ul>\n","protected":false},"featured_media":9593,"template":"","meta":{"_editorskit_title_hidden":false,"_editorskit_reading_time":0,"_editorskit_is_block_options_detached":false,"_editorskit_block_options_position":"{}","inline_featured_image":false},"product_brand":[],"product_cat":[258,292],"product_tag":[],"class_list":{"0":"post-5775","1":"product","2":"type-product","3":"status-publish","4":"has-post-thumbnail","6":"product_cat-mesas","7":"product_cat-centro","9":"first","10":"instock","11":"purchasable","12":"product-type-simple"},"_links":{"self":[{"href":"https:\/\/www.finsdesiecles-artdeco.com\/es\/wp-json\/wp\/v2\/product\/5775","targetHints":{"allow":["GET"]}}],"collection":[{"href":"https:\/\/www.finsdesiecles-artdeco.com\/es\/wp-json\/wp\/v2\/product"}],"about":[{"href":"https:\/\/www.finsdesiecles-artdeco.com\/es\/wp-json\/wp\/v2\/types\/product"}],"wp:featuredmedia":[{"embeddable":true,"href":"https:\/\/www.finsdesiecles-artdeco.com\/es\/wp-json\/wp\/v2\/media\/9593"}],"wp:attachment":[{"href":"https:\/\/www.finsdesiecles-artdeco.com\/es\/wp-json\/wp\/v2\/media?parent=5775"}],"wp:term":[{"taxonomy":"product_brand","embeddable":true,"href":"https:\/\/www.finsdesiecles-artdeco.com\/es\/wp-json\/wp\/v2\/product_brand?post=5775"},{"taxonomy":"product_cat","embeddable":true,"href":"https:\/\/www.finsdesiecles-artdeco.com\/es\/wp-json\/wp\/v2\/product_cat?post=5775"},{"taxonomy":"product_tag","embeddable":true,"href":"https:\/\/www.finsdesiecles-artdeco.com\/es\/wp-json\/wp\/v2\/product_tag?post=5775"}],"curies":[{"name":"wp","href":"https:\/\/api.w.org\/{rel}","templated":true}]}}