{"id":5845,"date":"2019-12-09T17:04:57","date_gmt":"2019-12-09T17:04:57","guid":{"rendered":"https:\/\/www.finsdesiecles-artdeco.com\/?product=aparadores"},"modified":"2022-09-24T16:59:37","modified_gmt":"2022-09-24T16:59:37","slug":"aparador-en-el-estilo-de-maxime-old-francia-1940","status":"publish","type":"product","link":"https:\/\/www.finsdesiecles-artdeco.com\/es\/product\/aparador-en-el-estilo-de-maxime-old-francia-1940\/","title":{"rendered":"Aparador al estilo de Maxime Old &#8211; Francia 1940"},"content":{"rendered":"<p>Aparador al estilo de Maxime Old &#8211; Francia 1940<\/p>\n<hr \/>\n<p><b>Dimensiones<\/b><\/p>\n<ul>\n<li><b>cm:<\/b> 230 x 51 x 95<\/li>\n<li><b>inches:<\/b> 90.55 x 20.08 x 37.4<\/li>\n<\/ul>\n","protected":false},"excerpt":{"rendered":"<p>Espectacular aparador de caoba maciza tintada, barnizada a mu\u00f1eca y acabado satinado. Tres puertas decoradas con motivos conc\u00e9ntricos en madera y lat\u00f3n. Bases en lat\u00f3n macizo y varillas decorativas en lat\u00f3n pulido sobre la base y delante del sobre de m\u00e1rmol. Puertas exteriores con dos estantes; la central con dos estantes y dos cajones. Bisagras y llaves de lat\u00f3n. Mueble de gran calidad.<\/p>\n<p>Al estilo de Maxime Old.<\/p>\n<p>Francia c. 1940<\/p>\n<p><b>Dimensiones<\/b><\/p>\n<ul>\n<li><b>cm:<\/b> 230 x 51 x 95<\/li>\n<li><b>inches:<\/b> 90.55 x 20.08 x 37.4<\/li>\n<\/ul>\n","protected":false},"featured_media":9587,"template":"","meta":{"_editorskit_title_hidden":false,"_editorskit_reading_time":0,"_editorskit_is_block_options_detached":false,"_editorskit_block_options_position":"{}","inline_featured_image":false},"product_brand":[],"product_cat":[412,274],"product_tag":[],"class_list":{"0":"post-5845","1":"product","2":"type-product","3":"status-publish","4":"has-post-thumbnail","6":"product_cat-almacenaje","7":"product_cat-aparadores","9":"first","10":"instock","11":"purchasable","12":"product-type-simple"},"_links":{"self":[{"href":"https:\/\/www.finsdesiecles-artdeco.com\/es\/wp-json\/wp\/v2\/product\/5845","targetHints":{"allow":["GET"]}}],"collection":[{"href":"https:\/\/www.finsdesiecles-artdeco.com\/es\/wp-json\/wp\/v2\/product"}],"about":[{"href":"https:\/\/www.finsdesiecles-artdeco.com\/es\/wp-json\/wp\/v2\/types\/product"}],"wp:featuredmedia":[{"embeddable":true,"href":"https:\/\/www.finsdesiecles-artdeco.com\/es\/wp-json\/wp\/v2\/media\/9587"}],"wp:attachment":[{"href":"https:\/\/www.finsdesiecles-artdeco.com\/es\/wp-json\/wp\/v2\/media?parent=5845"}],"wp:term":[{"taxonomy":"product_brand","embeddable":true,"href":"https:\/\/www.finsdesiecles-artdeco.com\/es\/wp-json\/wp\/v2\/product_brand?post=5845"},{"taxonomy":"product_cat","embeddable":true,"href":"https:\/\/www.finsdesiecles-artdeco.com\/es\/wp-json\/wp\/v2\/product_cat?post=5845"},{"taxonomy":"product_tag","embeddable":true,"href":"https:\/\/www.finsdesiecles-artdeco.com\/es\/wp-json\/wp\/v2\/product_tag?post=5845"}],"curies":[{"name":"wp","href":"https:\/\/api.w.org\/{rel}","templated":true}]}}