{"id":5981,"date":"2020-01-09T13:37:37","date_gmt":"2020-01-09T13:37:37","guid":{"rendered":"https:\/\/www.finsdesiecles-artdeco.com\/?product=librerias"},"modified":"2022-12-30T12:08:51","modified_gmt":"2022-12-30T12:08:51","slug":"pareja-de-estanterias-en-plexiglas-italia-1980","status":"publish","type":"product","link":"https:\/\/www.finsdesiecles-artdeco.com\/es\/product\/pareja-de-estanterias-en-plexiglas-italia-1980\/","title":{"rendered":"Pareja de estanter\u00edas en plexigl\u00e1s &#8211; Italia 1980"},"content":{"rendered":"<p>Pareja de estanter\u00edas en plexigl\u00e1s &#8211; Italia 1980<\/p>\n<hr \/>\n<p><b>Dimensiones<\/b><\/p>\n<ul>\n<li><b>cm:<\/b> 80 x 43 x 148<\/li>\n<li><b>inches:<\/b> 31.5 x 16.93 x 58.27<\/li>\n<\/ul>\n","protected":false},"excerpt":{"rendered":"<p>Pareja de estanter\u00edas con base de fundici\u00f3n, montantes y estantes en grueso plexigl\u00e1s transparente y rojo con travesa\u00f1os de metal niquelado en la parte posterior. Alta calidad.<\/p>\n<p>Italia c. 1980<\/p>\n<p>&nbsp;<\/p>\n<p><b>cm:<\/b> 80 x 43 x 148<\/p>\n<p><b>inches:<\/b> 31.5 x 16.93 x 58.27<\/p>\n","protected":false},"featured_media":8698,"template":"","meta":{"_editorskit_title_hidden":false,"_editorskit_reading_time":0,"_editorskit_is_block_options_detached":false,"_editorskit_block_options_position":"{}","inline_featured_image":false},"product_brand":[],"product_cat":[412,445,277,301],"product_tag":[],"class_list":{"0":"post-5981","1":"product","2":"type-product","3":"status-publish","4":"has-post-thumbnail","6":"product_cat-almacenaje","7":"product_cat-estantes","8":"product_cat-auxiliares1643813499","9":"product_cat-librerias-almacenaje","11":"first","12":"instock","13":"purchasable","14":"product-type-simple"},"_links":{"self":[{"href":"https:\/\/www.finsdesiecles-artdeco.com\/es\/wp-json\/wp\/v2\/product\/5981","targetHints":{"allow":["GET"]}}],"collection":[{"href":"https:\/\/www.finsdesiecles-artdeco.com\/es\/wp-json\/wp\/v2\/product"}],"about":[{"href":"https:\/\/www.finsdesiecles-artdeco.com\/es\/wp-json\/wp\/v2\/types\/product"}],"wp:featuredmedia":[{"embeddable":true,"href":"https:\/\/www.finsdesiecles-artdeco.com\/es\/wp-json\/wp\/v2\/media\/8698"}],"wp:attachment":[{"href":"https:\/\/www.finsdesiecles-artdeco.com\/es\/wp-json\/wp\/v2\/media?parent=5981"}],"wp:term":[{"taxonomy":"product_brand","embeddable":true,"href":"https:\/\/www.finsdesiecles-artdeco.com\/es\/wp-json\/wp\/v2\/product_brand?post=5981"},{"taxonomy":"product_cat","embeddable":true,"href":"https:\/\/www.finsdesiecles-artdeco.com\/es\/wp-json\/wp\/v2\/product_cat?post=5981"},{"taxonomy":"product_tag","embeddable":true,"href":"https:\/\/www.finsdesiecles-artdeco.com\/es\/wp-json\/wp\/v2\/product_tag?post=5981"}],"curies":[{"name":"wp","href":"https:\/\/api.w.org\/{rel}","templated":true}]}}