{"id":6049,"date":"2020-01-28T13:15:13","date_gmt":"2020-01-28T13:15:13","guid":{"rendered":"https:\/\/www.finsdesiecles-artdeco.com\/?product=muebles-bar"},"modified":"2026-01-04T12:31:01","modified_gmt":"2026-01-04T12:31:01","slug":"mueble-bar-de-palisandro-italia-1950","status":"publish","type":"product","link":"https:\/\/www.finsdesiecles-artdeco.com\/es\/product\/mueble-bar-de-palisandro-italia-1950\/","title":{"rendered":"Mueble bar de palisandro &#8211; Italia 1950"},"content":{"rendered":"<p>Mueble bar de palisandro &#8211; Italia 1950<\/p>\n<hr \/>\n<p><b>Dimensiones<\/b><\/p>\n<ul>\n<li><b>cm:<\/b> 170 x 44 x 140<\/li>\n<li><b>inches:<\/b> 66.93 x 17.32 x 55.12<\/li>\n<\/ul>\n","protected":false},"excerpt":{"rendered":"<p>Importante mueble bar, madera maciza chapada de palisandro, montantes de caoba con talla grissinis y bronce macizo, dos puertas que abren a compartimentos de bar con sistema de iluminaci\u00f3n. Fondo de madera con decoraci\u00f3n de rombos en relieve con p\u00e1tina de bronce verdoso y dorado. Dos sobres de \u00f3nix blanco-beige y sobre superior con vidrio grueso. Decoraciones, casquillos regulables, tiradores, bocallaves y llaves de lat\u00f3n pulido.<\/p>\n<p>Italia c. 1950<\/p>\n<h3>RESERVADO<\/h3>\n<p><b>Dimensiones<\/b><\/p>\n<ul>\n<li><b>cm:<\/b> 170 x 44 x 140<\/li>\n<li><b>inches:<\/b> 66.93 x 17.32 x 55.12<\/li>\n<\/ul>\n","protected":false},"featured_media":8779,"template":"","meta":{"_editorskit_title_hidden":false,"_editorskit_reading_time":0,"_editorskit_is_block_options_detached":false,"_editorskit_block_options_position":"{}","inline_featured_image":false},"product_brand":[],"product_cat":[277,319],"product_tag":[],"class_list":{"0":"post-6049","1":"product","2":"type-product","3":"status-publish","4":"has-post-thumbnail","6":"product_cat-auxiliares1643813499","7":"product_cat-muebles-bar","9":"first","10":"outofstock","11":"product-type-simple"},"_links":{"self":[{"href":"https:\/\/www.finsdesiecles-artdeco.com\/es\/wp-json\/wp\/v2\/product\/6049","targetHints":{"allow":["GET"]}}],"collection":[{"href":"https:\/\/www.finsdesiecles-artdeco.com\/es\/wp-json\/wp\/v2\/product"}],"about":[{"href":"https:\/\/www.finsdesiecles-artdeco.com\/es\/wp-json\/wp\/v2\/types\/product"}],"wp:featuredmedia":[{"embeddable":true,"href":"https:\/\/www.finsdesiecles-artdeco.com\/es\/wp-json\/wp\/v2\/media\/8779"}],"wp:attachment":[{"href":"https:\/\/www.finsdesiecles-artdeco.com\/es\/wp-json\/wp\/v2\/media?parent=6049"}],"wp:term":[{"taxonomy":"product_brand","embeddable":true,"href":"https:\/\/www.finsdesiecles-artdeco.com\/es\/wp-json\/wp\/v2\/product_brand?post=6049"},{"taxonomy":"product_cat","embeddable":true,"href":"https:\/\/www.finsdesiecles-artdeco.com\/es\/wp-json\/wp\/v2\/product_cat?post=6049"},{"taxonomy":"product_tag","embeddable":true,"href":"https:\/\/www.finsdesiecles-artdeco.com\/es\/wp-json\/wp\/v2\/product_tag?post=6049"}],"curies":[{"name":"wp","href":"https:\/\/api.w.org\/{rel}","templated":true}]}}