{"id":6314,"date":"2020-06-09T14:05:48","date_gmt":"2020-06-09T14:05:48","guid":{"rendered":"https:\/\/www.finsdesiecles-artdeco.com\/?product=jarrones"},"modified":"2023-03-11T10:42:56","modified_gmt":"2023-03-11T10:42:56","slug":"gran-anfora-de-guerin-belgica-1947","status":"publish","type":"product","link":"https:\/\/www.finsdesiecles-artdeco.com\/es\/product\/gran-anfora-de-guerin-belgica-1947\/","title":{"rendered":"Gran \u00e1nfora de Gu\u00e9rin &#8211; B\u00e9lgica 1947"},"content":{"rendered":"<p><strong>Roger Gu\u00e9rin<\/strong> (B\u00e9lgica 1896 &#8211; 1954)<\/p>\n<p>Roger Gu\u00e9rin es un nombre importante en la cer\u00e1mica belga <em>art d\u00e9co.<\/em> La mayor parte de su obra se compone de jarrones y esculturas. Su material preferido era el gres con un vidriado de sal a fuego alto. Se inici\u00f3 en el modernismo y luego evolucion\u00f3 hacia el <em>art d\u00e9co<\/em>. Obtuvo reconocimiento internacional tras su presencia en la Exposici\u00f3n Internacional de Artes Decorativas Industriales y Modernas de Par\u00eds en 1925. Realiz\u00f3 numerosas colaboraciones art\u00edsticas con escultores y herreros. Varias de sus obras fueron adquiridas por el rey Alberto o se encuentran en museos belgas, holandeses, italianos y estadounidenses.<\/p>\n<p>&nbsp;<\/p>\n","protected":false},"excerpt":{"rendered":"<p>Gran \u00e1nfora de cer\u00e1mica con decoraci\u00f3n geom\u00e9trica.<\/p>\n<p>Firmada: Gu\u00e9rin 1947 (Cer\u00e1mica talla \u00fanica)<\/p>\n<p>B\u00e9lgica,\u00a0Bouffioulx 1947<\/p>\n<p><b>Dimensiones<\/b><\/p>\n<ul>\n<li><b>cm:<\/b> 36 x 30 x 50<\/li>\n<li><b>inches:<\/b> 14.17 x 11.81 x 19.69<\/li>\n<\/ul>\n","protected":false},"featured_media":9173,"template":"","meta":{"_editorskit_title_hidden":false,"_editorskit_reading_time":0,"_editorskit_is_block_options_detached":false,"_editorskit_block_options_position":"{}","inline_featured_image":false},"product_brand":[],"product_cat":[268,463],"product_tag":[],"class_list":{"0":"post-6314","1":"product","2":"type-product","3":"status-publish","4":"has-post-thumbnail","6":"product_cat-objetos-y-adornos","7":"product_cat-ceramicas","9":"first","10":"instock","11":"purchasable","12":"product-type-simple"},"_links":{"self":[{"href":"https:\/\/www.finsdesiecles-artdeco.com\/es\/wp-json\/wp\/v2\/product\/6314","targetHints":{"allow":["GET"]}}],"collection":[{"href":"https:\/\/www.finsdesiecles-artdeco.com\/es\/wp-json\/wp\/v2\/product"}],"about":[{"href":"https:\/\/www.finsdesiecles-artdeco.com\/es\/wp-json\/wp\/v2\/types\/product"}],"wp:featuredmedia":[{"embeddable":true,"href":"https:\/\/www.finsdesiecles-artdeco.com\/es\/wp-json\/wp\/v2\/media\/9173"}],"wp:attachment":[{"href":"https:\/\/www.finsdesiecles-artdeco.com\/es\/wp-json\/wp\/v2\/media?parent=6314"}],"wp:term":[{"taxonomy":"product_brand","embeddable":true,"href":"https:\/\/www.finsdesiecles-artdeco.com\/es\/wp-json\/wp\/v2\/product_brand?post=6314"},{"taxonomy":"product_cat","embeddable":true,"href":"https:\/\/www.finsdesiecles-artdeco.com\/es\/wp-json\/wp\/v2\/product_cat?post=6314"},{"taxonomy":"product_tag","embeddable":true,"href":"https:\/\/www.finsdesiecles-artdeco.com\/es\/wp-json\/wp\/v2\/product_tag?post=6314"}],"curies":[{"name":"wp","href":"https:\/\/api.w.org\/{rel}","templated":true}]}}