{"id":6459,"date":"2020-08-05T16:29:05","date_gmt":"2020-08-05T16:29:05","guid":{"rendered":"https:\/\/www.finsdesiecles-artdeco.com\/?product=mesas-de-juego"},"modified":"2024-08-28T16:44:15","modified_gmt":"2024-08-28T16:44:15","slug":"mesa-de-juego-art-deco-francia-1930","status":"publish","type":"product","link":"https:\/\/www.finsdesiecles-artdeco.com\/es\/product\/mesa-de-juego-art-deco-francia-1930\/","title":{"rendered":"Mesa de juego Art Dec\u00f3 &#8211; Francia 1930"},"content":{"rendered":"<p>Mesa de juego <em>art dec\u00f3<\/em> &#8211; Francia 1930<\/p>\n<hr \/>\n<p><b>Dimensiones<\/b><\/p>\n<p><strong>Mesa cerrada<\/strong><\/p>\n<p>cm 80 x 80 x 76<\/p>\n<p>inches 31.50 x 31.50 x 29.92<\/p>\n<p><strong>Mesa abierta<\/strong><\/p>\n<p>cm 113 x 113 x 74<\/p>\n<p>inches 44.49 x 44.49 x 29.13<\/p>\n","protected":false},"excerpt":{"rendered":"<p>Mesa de juego <em>art dec\u00f3<\/em>, estructura de roble chapado de \u00e9bano de Macassar, sobre formando dise\u00f1o geom\u00e9trico que se abre en cuatro partes triangulares con tapete de piel. Casquillos y herrajes de lat\u00f3n macizo niquelado.<\/p>\n<p>Francia c. 1930<\/p>\n<p><b>Dimensiones<\/b><\/p>\n<p><strong>Mesa cerrada<\/strong><\/p>\n<p>cm 80 x 80 x 76<\/p>\n<p>inches 31.50 x 31.50 x 29.92<\/p>\n<p><strong>Mesa abierta<\/strong><\/p>\n<p>cm 113 x 113 x 74<\/p>\n<p>inches 44.49 x 44.49 x 29.13<\/p>\n","protected":false},"featured_media":9549,"template":"","meta":{"_editorskit_title_hidden":false,"_editorskit_reading_time":0,"_editorskit_is_block_options_detached":false,"_editorskit_block_options_position":"{}","inline_featured_image":false},"product_brand":[],"product_cat":[258,337],"product_tag":[],"class_list":{"0":"post-6459","1":"product","2":"type-product","3":"status-publish","4":"has-post-thumbnail","6":"product_cat-mesas","7":"product_cat-mesas-de-juego","9":"first","10":"instock","11":"purchasable","12":"product-type-simple"},"_links":{"self":[{"href":"https:\/\/www.finsdesiecles-artdeco.com\/es\/wp-json\/wp\/v2\/product\/6459","targetHints":{"allow":["GET"]}}],"collection":[{"href":"https:\/\/www.finsdesiecles-artdeco.com\/es\/wp-json\/wp\/v2\/product"}],"about":[{"href":"https:\/\/www.finsdesiecles-artdeco.com\/es\/wp-json\/wp\/v2\/types\/product"}],"wp:featuredmedia":[{"embeddable":true,"href":"https:\/\/www.finsdesiecles-artdeco.com\/es\/wp-json\/wp\/v2\/media\/9549"}],"wp:attachment":[{"href":"https:\/\/www.finsdesiecles-artdeco.com\/es\/wp-json\/wp\/v2\/media?parent=6459"}],"wp:term":[{"taxonomy":"product_brand","embeddable":true,"href":"https:\/\/www.finsdesiecles-artdeco.com\/es\/wp-json\/wp\/v2\/product_brand?post=6459"},{"taxonomy":"product_cat","embeddable":true,"href":"https:\/\/www.finsdesiecles-artdeco.com\/es\/wp-json\/wp\/v2\/product_cat?post=6459"},{"taxonomy":"product_tag","embeddable":true,"href":"https:\/\/www.finsdesiecles-artdeco.com\/es\/wp-json\/wp\/v2\/product_tag?post=6459"}],"curies":[{"name":"wp","href":"https:\/\/api.w.org\/{rel}","templated":true}]}}