{"id":6523,"date":"2020-09-08T13:25:07","date_gmt":"2020-09-08T13:25:07","guid":{"rendered":"https:\/\/www.finsdesiecles-artdeco.com\/?product=jarrones"},"modified":"2022-09-21T10:56:30","modified_gmt":"2022-09-21T10:56:30","slug":"gran-jarron-de-ceramica-de-kiessling-1960","status":"publish","type":"product","link":"https:\/\/www.finsdesiecles-artdeco.com\/es\/product\/gran-jarron-de-ceramica-de-kiessling-1960\/","title":{"rendered":"Gran jarr\u00f3n de cer\u00e1mica de Kiessling &#8211; 1960"},"content":{"rendered":"<p>Gran jarr\u00f3n de cer\u00e1mica de Kiessling &#8211; 1960<\/p>\n<hr \/>\n<p><b>Dimensiones<\/b><\/p>\n<ul>\n<li><b>cm:<\/b> Diam 30 x 60<\/li>\n<li><b>inches:<\/b> Diam 11.81 x 23.62<\/li>\n<\/ul>\n","protected":false},"excerpt":{"rendered":"<p>Gran jarr\u00f3n artesanal de cer\u00e1mica con esmalte \u00absnakeskin\u00bb.<\/p>\n<p>Dise\u00f1o: Albert Kiessling (Sello en la base)<\/p>\n<p>Alemania, Langenhessen c. 1960<\/p>\n<p>&nbsp;<\/p>\n<p><strong>Dimensiones<\/strong><\/p>\n<p><b>cm:<\/b> Diam 30 x 60<\/p>\n<p><b>inches:<\/b> Diam 11.81 x 23.62<\/p>\n","protected":false},"featured_media":9167,"template":"","meta":{"_editorskit_title_hidden":false,"_editorskit_reading_time":0,"_editorskit_is_block_options_detached":false,"_editorskit_block_options_position":"{}","inline_featured_image":false},"product_brand":[],"product_cat":[268,463],"product_tag":[],"class_list":{"0":"post-6523","1":"product","2":"type-product","3":"status-publish","4":"has-post-thumbnail","6":"product_cat-objetos-y-adornos","7":"product_cat-ceramicas","9":"first","10":"instock","11":"purchasable","12":"product-type-simple"},"_links":{"self":[{"href":"https:\/\/www.finsdesiecles-artdeco.com\/es\/wp-json\/wp\/v2\/product\/6523","targetHints":{"allow":["GET"]}}],"collection":[{"href":"https:\/\/www.finsdesiecles-artdeco.com\/es\/wp-json\/wp\/v2\/product"}],"about":[{"href":"https:\/\/www.finsdesiecles-artdeco.com\/es\/wp-json\/wp\/v2\/types\/product"}],"wp:featuredmedia":[{"embeddable":true,"href":"https:\/\/www.finsdesiecles-artdeco.com\/es\/wp-json\/wp\/v2\/media\/9167"}],"wp:attachment":[{"href":"https:\/\/www.finsdesiecles-artdeco.com\/es\/wp-json\/wp\/v2\/media?parent=6523"}],"wp:term":[{"taxonomy":"product_brand","embeddable":true,"href":"https:\/\/www.finsdesiecles-artdeco.com\/es\/wp-json\/wp\/v2\/product_brand?post=6523"},{"taxonomy":"product_cat","embeddable":true,"href":"https:\/\/www.finsdesiecles-artdeco.com\/es\/wp-json\/wp\/v2\/product_cat?post=6523"},{"taxonomy":"product_tag","embeddable":true,"href":"https:\/\/www.finsdesiecles-artdeco.com\/es\/wp-json\/wp\/v2\/product_tag?post=6523"}],"curies":[{"name":"wp","href":"https:\/\/api.w.org\/{rel}","templated":true}]}}