{"id":6608,"date":"2020-11-06T17:37:43","date_gmt":"2020-11-06T17:37:43","guid":{"rendered":"https:\/\/www.finsdesiecles-artdeco.com\/?product=tocadores"},"modified":"2022-09-21T10:12:40","modified_gmt":"2022-09-21T10:12:40","slug":"espejo-de-pie","status":"publish","type":"product","link":"https:\/\/www.finsdesiecles-artdeco.com\/es\/product\/espejo-de-pie\/","title":{"rendered":"Espejo de pie Art Dec\u00f3 &#8211; Francia 1930"},"content":{"rendered":"<p>Espejo de pie <em>art dec\u00f3<\/em> &#8211; Francia 1930<\/p>\n<hr \/>\n<p><b>Dimensiones<\/b><\/p>\n<ul>\n<li><b>cm:<\/b> 97 x 30 x 146<\/li>\n<li><b>inches:<\/b> 38.19 x 11.81 x 57.48<\/li>\n<\/ul>\n","protected":false},"excerpt":{"rendered":"<p>Espejo de pie <em>art dec\u00f3<\/em> en madera maciza con chapados de caoba y ra\u00edz de caoba barnizados a mu\u00f1eca. Espejo grueso original con signos de oxidaci\u00f3n.<\/p>\n<p>Francia c. 1930<\/p>\n<p>&nbsp;<\/p>\n<p>Medidas espejo: 56 x 4 x 123 cm<\/p>\n<p><b>Dimensiones<\/b><\/p>\n<ul>\n<li><b>cm:<\/b> 97 x 30 x 146<\/li>\n<li><b>inches:<\/b> 38.19 x 11.81 x 57.48<\/li>\n<\/ul>\n","protected":false},"featured_media":9537,"template":"","meta":{"_editorskit_title_hidden":false,"_editorskit_reading_time":0,"_editorskit_is_block_options_detached":false,"_editorskit_block_options_position":"{}","inline_featured_image":false},"product_brand":[],"product_cat":[343,461],"product_tag":[],"class_list":{"0":"post-6608","1":"product","2":"type-product","3":"status-publish","4":"has-post-thumbnail","6":"product_cat-espejos1643813618","7":"product_cat-espejos-de-pie","9":"first","10":"instock","11":"purchasable","12":"product-type-simple"},"_links":{"self":[{"href":"https:\/\/www.finsdesiecles-artdeco.com\/es\/wp-json\/wp\/v2\/product\/6608","targetHints":{"allow":["GET"]}}],"collection":[{"href":"https:\/\/www.finsdesiecles-artdeco.com\/es\/wp-json\/wp\/v2\/product"}],"about":[{"href":"https:\/\/www.finsdesiecles-artdeco.com\/es\/wp-json\/wp\/v2\/types\/product"}],"wp:featuredmedia":[{"embeddable":true,"href":"https:\/\/www.finsdesiecles-artdeco.com\/es\/wp-json\/wp\/v2\/media\/9537"}],"wp:attachment":[{"href":"https:\/\/www.finsdesiecles-artdeco.com\/es\/wp-json\/wp\/v2\/media?parent=6608"}],"wp:term":[{"taxonomy":"product_brand","embeddable":true,"href":"https:\/\/www.finsdesiecles-artdeco.com\/es\/wp-json\/wp\/v2\/product_brand?post=6608"},{"taxonomy":"product_cat","embeddable":true,"href":"https:\/\/www.finsdesiecles-artdeco.com\/es\/wp-json\/wp\/v2\/product_cat?post=6608"},{"taxonomy":"product_tag","embeddable":true,"href":"https:\/\/www.finsdesiecles-artdeco.com\/es\/wp-json\/wp\/v2\/product_tag?post=6608"}],"curies":[{"name":"wp","href":"https:\/\/api.w.org\/{rel}","templated":true}]}}