{"id":6619,"date":"2020-11-09T14:16:12","date_gmt":"2020-11-09T14:16:12","guid":{"rendered":"https:\/\/www.finsdesiecles-artdeco.com\/?product=muebles-bar"},"modified":"2022-09-21T10:05:32","modified_gmt":"2022-09-21T10:05:32","slug":"mueble-bar-barcelona-1960","status":"publish","type":"product","link":"https:\/\/www.finsdesiecles-artdeco.com\/es\/product\/mueble-bar-barcelona-1960\/","title":{"rendered":"Mueble bar &#8211; Barcelona 1960"},"content":{"rendered":"<p>Mueble bar &#8211; Barcelona 1960<\/p>\n<hr \/>\n<p><b>Dimensiones<\/b><\/p>\n<ul>\n<li><b>cm:<\/b> 87 x 42 x 72<\/li>\n<li><b>inches:<\/b> 34.25 x 16.54 x 28.35<\/li>\n<\/ul>\n","protected":false},"excerpt":{"rendered":"<p>Mueble bar con chapado de nogal barnizado a mu\u00f1eca, dos puertas correderas, una de vidrio con un friso grabado al \u00e1cido y la otra en nogal con un tirador de lat\u00f3n pulido. El interior izquierdo est\u00e1 tapizado con un capiton\u00e9 en escay verde dorado de origen, los dos compartimentos tienen espejo en la base y un estante de vidrio. La luz se enciende cuando se abre la puerta de madera.<\/p>\n<p>Espa\u00f1a, Barcelona c. 1960<\/p>\n<p><b>Dimensiones<\/b><\/p>\n<ul>\n<li><b>cm:<\/b> 87 x 42 x 72<\/li>\n<li><b>inches:<\/b> 34.25 x 16.54 x 28.35<\/li>\n<\/ul>\n","protected":false},"featured_media":8759,"template":"","meta":{"_editorskit_title_hidden":false,"_editorskit_reading_time":0,"_editorskit_is_block_options_detached":false,"_editorskit_block_options_position":"{}","inline_featured_image":false},"product_brand":[],"product_cat":[277,319],"product_tag":[],"class_list":{"0":"post-6619","1":"product","2":"type-product","3":"status-publish","4":"has-post-thumbnail","6":"product_cat-auxiliares1643813499","7":"product_cat-muebles-bar","9":"first","10":"instock","11":"purchasable","12":"product-type-simple"},"_links":{"self":[{"href":"https:\/\/www.finsdesiecles-artdeco.com\/es\/wp-json\/wp\/v2\/product\/6619","targetHints":{"allow":["GET"]}}],"collection":[{"href":"https:\/\/www.finsdesiecles-artdeco.com\/es\/wp-json\/wp\/v2\/product"}],"about":[{"href":"https:\/\/www.finsdesiecles-artdeco.com\/es\/wp-json\/wp\/v2\/types\/product"}],"wp:featuredmedia":[{"embeddable":true,"href":"https:\/\/www.finsdesiecles-artdeco.com\/es\/wp-json\/wp\/v2\/media\/8759"}],"wp:attachment":[{"href":"https:\/\/www.finsdesiecles-artdeco.com\/es\/wp-json\/wp\/v2\/media?parent=6619"}],"wp:term":[{"taxonomy":"product_brand","embeddable":true,"href":"https:\/\/www.finsdesiecles-artdeco.com\/es\/wp-json\/wp\/v2\/product_brand?post=6619"},{"taxonomy":"product_cat","embeddable":true,"href":"https:\/\/www.finsdesiecles-artdeco.com\/es\/wp-json\/wp\/v2\/product_cat?post=6619"},{"taxonomy":"product_tag","embeddable":true,"href":"https:\/\/www.finsdesiecles-artdeco.com\/es\/wp-json\/wp\/v2\/product_tag?post=6619"}],"curies":[{"name":"wp","href":"https:\/\/api.w.org\/{rel}","templated":true}]}}