{"id":6634,"date":"2020-11-15T16:05:58","date_gmt":"2020-11-15T16:05:58","guid":{"rendered":"https:\/\/www.finsdesiecles-artdeco.com\/?product=muebles-bar"},"modified":"2022-09-21T09:42:45","modified_gmt":"2022-09-21T09:42:45","slug":"mueble-bar-art-deco-cubista-barcelona-1930","status":"publish","type":"product","link":"https:\/\/www.finsdesiecles-artdeco.com\/es\/product\/mueble-bar-art-deco-cubista-barcelona-1930\/","title":{"rendered":"Mueble bar Art Dec\u00f3 cubista &#8211; Barcelona 1930"},"content":{"rendered":"<p>Mueble bar <em>art dec\u00f3<\/em> cubista &#8211; Barcelona 1930<\/p>\n<hr \/>\n<p><b>Dimensiones<\/b><\/p>\n<ul>\n<li><b>cm:<\/b> 80 x 39 \/ 3 tiradores x 72<\/li>\n<li><b>inches:<\/b> 31.5 x 15.35 \/ 1.18 tiradores x 28.35<\/li>\n<\/ul>\n","protected":false},"excerpt":{"rendered":"<p>Mueble bar <em>art dec\u00f3<\/em> cubista, madera maciza chapada de nogal barnizada a mu\u00f1eca. Un caj\u00f3n y puerta batiente con dos compartimentos con sistema de iluminaci\u00f3n, vidrios arenados en la base y estante de vidrio. Ruedas originales.<\/p>\n<p>Espa\u00f1a, Barcelona c. 1930<\/p>\n<p>&nbsp;<\/p>\n<p>Puerta batiente abierta: + 46 cm<\/p>\n<p><b>Dimensiones<\/b><\/p>\n<ul>\n<li><b>cm:<\/b> 80 x 39 \/ 3 tiradores x 72<\/li>\n<li><b>inches:<\/b> 31.5 x 15.35 \/ 1.18 tiradores x 28.35<\/li>\n<\/ul>\n","protected":false},"featured_media":8757,"template":"","meta":{"_editorskit_title_hidden":false,"_editorskit_reading_time":0,"_editorskit_is_block_options_detached":false,"_editorskit_block_options_position":"{}","inline_featured_image":false},"product_brand":[],"product_cat":[277,319],"product_tag":[],"class_list":{"0":"post-6634","1":"product","2":"type-product","3":"status-publish","4":"has-post-thumbnail","6":"product_cat-auxiliares1643813499","7":"product_cat-muebles-bar","9":"first","10":"instock","11":"purchasable","12":"product-type-simple"},"_links":{"self":[{"href":"https:\/\/www.finsdesiecles-artdeco.com\/es\/wp-json\/wp\/v2\/product\/6634","targetHints":{"allow":["GET"]}}],"collection":[{"href":"https:\/\/www.finsdesiecles-artdeco.com\/es\/wp-json\/wp\/v2\/product"}],"about":[{"href":"https:\/\/www.finsdesiecles-artdeco.com\/es\/wp-json\/wp\/v2\/types\/product"}],"wp:featuredmedia":[{"embeddable":true,"href":"https:\/\/www.finsdesiecles-artdeco.com\/es\/wp-json\/wp\/v2\/media\/8757"}],"wp:attachment":[{"href":"https:\/\/www.finsdesiecles-artdeco.com\/es\/wp-json\/wp\/v2\/media?parent=6634"}],"wp:term":[{"taxonomy":"product_brand","embeddable":true,"href":"https:\/\/www.finsdesiecles-artdeco.com\/es\/wp-json\/wp\/v2\/product_brand?post=6634"},{"taxonomy":"product_cat","embeddable":true,"href":"https:\/\/www.finsdesiecles-artdeco.com\/es\/wp-json\/wp\/v2\/product_cat?post=6634"},{"taxonomy":"product_tag","embeddable":true,"href":"https:\/\/www.finsdesiecles-artdeco.com\/es\/wp-json\/wp\/v2\/product_tag?post=6634"}],"curies":[{"name":"wp","href":"https:\/\/api.w.org\/{rel}","templated":true}]}}