{"id":6802,"date":"2020-12-19T16:16:14","date_gmt":"2020-12-19T16:16:14","guid":{"rendered":"https:\/\/www.finsdesiecles-artdeco.com\/?product=comodas"},"modified":"2022-09-20T10:04:31","modified_gmt":"2022-09-20T10:04:31","slug":"gran-comoda-italia-1945","status":"publish","type":"product","link":"https:\/\/www.finsdesiecles-artdeco.com\/es\/product\/gran-comoda-italia-1945\/","title":{"rendered":"Gran c\u00f3moda &#8211; Italia 1945"},"content":{"rendered":"<p>Gran c\u00f3moda &#8211; Italia 1945<\/p>\n<hr \/>\n<p><b>Dimensiones<\/b><\/p>\n<ul>\n<li><b>cm:<\/b> 170 x 52 con tiradores x 89<\/li>\n<li><b>inches:<\/b> 66.93 x 20.47 con tiradores x 35.04<\/li>\n<\/ul>\n","protected":false},"excerpt":{"rendered":"<p>Gran c\u00f3moda con seis cajones, madera maciza chapada de zebrano y patas de caoba maciza, todo barnizado a mu\u00f1eca. Tiradores, casquillos y herrajes en lat\u00f3n pulido.<\/p>\n<p>Italia c. 1945<\/p>\n<p><b>Dimensiones<\/b><\/p>\n<ul>\n<li><b>cm:<\/b> 170 x 52 con tiradores x 89<\/li>\n<li><b>inches:<\/b> 66.93 x 20.47 con tiradores x 35.04<\/li>\n<\/ul>\n","protected":false},"featured_media":9531,"template":"","meta":{"_editorskit_title_hidden":false,"_editorskit_reading_time":0,"_editorskit_is_block_options_detached":false,"_editorskit_block_options_position":"{}","inline_featured_image":false},"product_brand":[],"product_cat":[412,307],"product_tag":[],"class_list":{"0":"post-6802","1":"product","2":"type-product","3":"status-publish","4":"has-post-thumbnail","6":"product_cat-almacenaje","7":"product_cat-comodas-almacenaje","9":"first","10":"instock","11":"purchasable","12":"product-type-simple"},"_links":{"self":[{"href":"https:\/\/www.finsdesiecles-artdeco.com\/es\/wp-json\/wp\/v2\/product\/6802","targetHints":{"allow":["GET"]}}],"collection":[{"href":"https:\/\/www.finsdesiecles-artdeco.com\/es\/wp-json\/wp\/v2\/product"}],"about":[{"href":"https:\/\/www.finsdesiecles-artdeco.com\/es\/wp-json\/wp\/v2\/types\/product"}],"wp:featuredmedia":[{"embeddable":true,"href":"https:\/\/www.finsdesiecles-artdeco.com\/es\/wp-json\/wp\/v2\/media\/9531"}],"wp:attachment":[{"href":"https:\/\/www.finsdesiecles-artdeco.com\/es\/wp-json\/wp\/v2\/media?parent=6802"}],"wp:term":[{"taxonomy":"product_brand","embeddable":true,"href":"https:\/\/www.finsdesiecles-artdeco.com\/es\/wp-json\/wp\/v2\/product_brand?post=6802"},{"taxonomy":"product_cat","embeddable":true,"href":"https:\/\/www.finsdesiecles-artdeco.com\/es\/wp-json\/wp\/v2\/product_cat?post=6802"},{"taxonomy":"product_tag","embeddable":true,"href":"https:\/\/www.finsdesiecles-artdeco.com\/es\/wp-json\/wp\/v2\/product_tag?post=6802"}],"curies":[{"name":"wp","href":"https:\/\/api.w.org\/{rel}","templated":true}]}}