{"id":7073,"date":"2021-03-24T17:59:40","date_gmt":"2021-03-24T17:59:40","guid":{"rendered":"https:\/\/www.finsdesiecles-artdeco.com\/?product=lamparas-de-techo"},"modified":"2023-02-10T17:39:06","modified_gmt":"2023-02-10T17:39:06","slug":"composicion-de-linternas-de-jordi-vilanova-1960","status":"publish","type":"product","link":"https:\/\/www.finsdesiecles-artdeco.com\/es\/product\/composicion-de-linternas-de-jordi-vilanova-1960\/","title":{"rendered":"Composici\u00f3n de linternas de Jordi Vilanova &#8211; 1960"},"content":{"rendered":"<p><strong>Jordi Vilanova i Bosch<\/strong> (Barcelona, \u200b\u200bEspa\u00f1a, 1925-1998)<\/p>\n<p>Interiorista y ebanista catal\u00e1n. Estudi\u00f3 en la Escola del Treball i Oficis Art\u00edstics y en La Llotja, y se form\u00f3 en la Casa Busquets y en el taller de decoraci\u00f3n de Lluis Gili, hasta fundar su propia empresa de interiorismo en 1952. Fue miembro del grupo art\u00edstico multidisciplinario La Cantonada (1960-1975). Su mobiliario moderno y su planteamiento de los espacios no fueron entendidos por la gran mayor\u00eda, a la que iba dirigida su obra, y fue cierta burgues\u00eda catalana, deseosa de romper con los c\u00e1nones estil\u00edsticos anticuados, quien lo acogi\u00f3. Gran admirador y experto en dise\u00f1o n\u00f3rdico, Vilanova es conocido como el introductor en Espa\u00f1a de los muebles de madera blanca, es decir, muebles sin color ni barniz brillante, funcionales, sencillos y refinados. Su especialidad fue el mobiliario infantil, como el taburete Delta, que gan\u00f3 el Premio Delta de Plata que otorg\u00f3 ADI\/FAD en 1964. Otros dise\u00f1os representativos son: las sillas Tiracord y Billar (1961); la litera Montseny MP (1961); las mecedoras Tartera (1966) y Petit (1978) y el revistero Z (1987), dise\u00f1ado junto a su hijo Pau Vilanova. Todos estos muebles est\u00e1n expuestos en el Museo del Dise\u00f1o de Barcelona.<\/p>\n","protected":false},"excerpt":{"rendered":"<p>Composici\u00f3n de tres linternas montadas como una l\u00e1mpara para un pedido particular. Lat\u00f3n macizo pulido, lacado marfil en el interior, tres puntos de luz por linterna. Estructura triangular original en madera de pino<\/p>\n<p>Dise\u00f1ada y realizada por Jordi Vilanova<\/p>\n<p>Espa\u00f1a, Barcelona c. 1960<\/p>\n<p><b>Dimensiones<\/b><\/p>\n<ul>\n<li><b>cm:<\/b> Diam 80 x 140<\/li>\n<li><b>inches:<\/b> Diam 31.5 x 55.12<\/li>\n<\/ul>\n","protected":false},"featured_media":8919,"template":"","meta":{"_editorskit_title_hidden":false,"_editorskit_reading_time":0,"_editorskit_is_block_options_detached":false,"_editorskit_block_options_position":"{}","inline_featured_image":false},"product_brand":[],"product_cat":[265,328],"product_tag":[],"class_list":{"0":"post-7073","1":"product","2":"type-product","3":"status-publish","4":"has-post-thumbnail","6":"product_cat-iluminacion","7":"product_cat-lamparas-de-techo","9":"first","10":"instock","11":"purchasable","12":"product-type-simple"},"_links":{"self":[{"href":"https:\/\/www.finsdesiecles-artdeco.com\/es\/wp-json\/wp\/v2\/product\/7073","targetHints":{"allow":["GET"]}}],"collection":[{"href":"https:\/\/www.finsdesiecles-artdeco.com\/es\/wp-json\/wp\/v2\/product"}],"about":[{"href":"https:\/\/www.finsdesiecles-artdeco.com\/es\/wp-json\/wp\/v2\/types\/product"}],"wp:featuredmedia":[{"embeddable":true,"href":"https:\/\/www.finsdesiecles-artdeco.com\/es\/wp-json\/wp\/v2\/media\/8919"}],"wp:attachment":[{"href":"https:\/\/www.finsdesiecles-artdeco.com\/es\/wp-json\/wp\/v2\/media?parent=7073"}],"wp:term":[{"taxonomy":"product_brand","embeddable":true,"href":"https:\/\/www.finsdesiecles-artdeco.com\/es\/wp-json\/wp\/v2\/product_brand?post=7073"},{"taxonomy":"product_cat","embeddable":true,"href":"https:\/\/www.finsdesiecles-artdeco.com\/es\/wp-json\/wp\/v2\/product_cat?post=7073"},{"taxonomy":"product_tag","embeddable":true,"href":"https:\/\/www.finsdesiecles-artdeco.com\/es\/wp-json\/wp\/v2\/product_tag?post=7073"}],"curies":[{"name":"wp","href":"https:\/\/api.w.org\/{rel}","templated":true}]}}