{"id":7087,"date":"2021-03-29T15:42:00","date_gmt":"2021-03-29T15:42:00","guid":{"rendered":"https:\/\/www.finsdesiecles-artdeco.com\/?product=estanterias"},"modified":"2022-08-18T10:15:02","modified_gmt":"2022-08-18T10:15:02","slug":"mueble-de-centro-estanteria-francia-1920","status":"publish","type":"product","link":"https:\/\/www.finsdesiecles-artdeco.com\/es\/product\/mueble-de-centro-estanteria-francia-1920\/","title":{"rendered":"Mueble de centro-estanter\u00eda &#8211; Francia 1920"},"content":{"rendered":"<p>Mueble de centro-estanter\u00eda &#8211; Francia 1920<\/p>\n<hr \/>\n<p><b>Dimensions<\/b><\/p>\n<ul>\n<li><b>cm:<\/b> 94 x 49 x 92<\/li>\n<li><b>inches:<\/b> 37.01 x 19.29 x 36.22<\/li>\n<\/ul>\n","protected":false},"excerpt":{"rendered":"<p>Mueble de centro-estanter\u00eda en hierro forjado y placas de metal grabadas a punta seca en tres niveles. Un caj\u00f3n y tres placas de vidrio arenado, tiradores en lat\u00f3n macizo.<\/p>\n<p>Francia c. 1920<\/p>\n<p><b>Dimensions<\/b><\/p>\n<ul>\n<li><b>cm:<\/b> 94 x 49 x 92<\/li>\n<li><b>inches:<\/b> 37.01 x 19.29 x 36.22<\/li>\n<\/ul>\n","protected":false},"featured_media":8753,"template":"","meta":{"_editorskit_title_hidden":false,"_editorskit_reading_time":0,"_editorskit_is_block_options_detached":false,"_editorskit_block_options_position":"{}","inline_featured_image":false},"product_brand":[],"product_cat":[277,445],"product_tag":[],"class_list":{"0":"post-7087","1":"product","2":"type-product","3":"status-publish","4":"has-post-thumbnail","6":"product_cat-auxiliares1643813499","7":"product_cat-estantes","9":"first","10":"instock","11":"purchasable","12":"product-type-simple"},"_links":{"self":[{"href":"https:\/\/www.finsdesiecles-artdeco.com\/es\/wp-json\/wp\/v2\/product\/7087","targetHints":{"allow":["GET"]}}],"collection":[{"href":"https:\/\/www.finsdesiecles-artdeco.com\/es\/wp-json\/wp\/v2\/product"}],"about":[{"href":"https:\/\/www.finsdesiecles-artdeco.com\/es\/wp-json\/wp\/v2\/types\/product"}],"wp:featuredmedia":[{"embeddable":true,"href":"https:\/\/www.finsdesiecles-artdeco.com\/es\/wp-json\/wp\/v2\/media\/8753"}],"wp:attachment":[{"href":"https:\/\/www.finsdesiecles-artdeco.com\/es\/wp-json\/wp\/v2\/media?parent=7087"}],"wp:term":[{"taxonomy":"product_brand","embeddable":true,"href":"https:\/\/www.finsdesiecles-artdeco.com\/es\/wp-json\/wp\/v2\/product_brand?post=7087"},{"taxonomy":"product_cat","embeddable":true,"href":"https:\/\/www.finsdesiecles-artdeco.com\/es\/wp-json\/wp\/v2\/product_cat?post=7087"},{"taxonomy":"product_tag","embeddable":true,"href":"https:\/\/www.finsdesiecles-artdeco.com\/es\/wp-json\/wp\/v2\/product_tag?post=7087"}],"curies":[{"name":"wp","href":"https:\/\/api.w.org\/{rel}","templated":true}]}}