{"id":7146,"date":"2021-05-02T20:54:37","date_gmt":"2021-05-02T20:54:37","guid":{"rendered":"https:\/\/www.finsdesiecles-artdeco.com\/?product=comodas"},"modified":"2022-09-17T09:53:08","modified_gmt":"2022-09-17T09:53:08","slug":"gran-comoda-italia-1940-50","status":"publish","type":"product","link":"https:\/\/www.finsdesiecles-artdeco.com\/es\/product\/gran-comoda-italia-1940-50\/","title":{"rendered":"Gran c\u00f3moda &#8211; Italia 1940-50"},"content":{"rendered":"<p>Gran c\u00f3moda &#8211; Italia 1940-50<\/p>\n<hr \/>\n<p><b>Dimensiones<\/b><\/p>\n<ul>\n<li><b>cm:<\/b> 179 x 53 x 74<\/li>\n<li><b>inches:<\/b> 70.47 x 20.87 x 29.13<\/li>\n<\/ul>\n","protected":false},"excerpt":{"rendered":"<p>Gran c\u00f3moda en caoba maciza y chapado de palisandro, tres cajones centrales con decoraci\u00f3n en grissinis y cuatro cajones con marqueter\u00eda, gran nicho sobre los cajones, barnizado a mu\u00f1eca. Sobre de vidrio decorado al pan de plata y tiradores de lat\u00f3n niquelado.<\/p>\n<p>Italia, finales de los a\u00f1os 40 y principios de los 50.<\/p>\n<p><b>Dimensiones<\/b><\/p>\n<ul>\n<li><b>cm:<\/b> 179 x 53 x 74<\/li>\n<li><b>inches:<\/b> 70.47 x 20.87 x 29.13<\/li>\n<\/ul>\n","protected":false},"featured_media":9513,"template":"","meta":{"_editorskit_title_hidden":false,"_editorskit_reading_time":0,"_editorskit_is_block_options_detached":false,"_editorskit_block_options_position":"{}","inline_featured_image":false},"product_brand":[],"product_cat":[412,307],"product_tag":[666],"class_list":{"0":"post-7146","1":"product","2":"type-product","3":"status-publish","4":"has-post-thumbnail","6":"product_cat-almacenaje","7":"product_cat-comodas-almacenaje","8":"product_tag-chest-es","10":"first","11":"instock","12":"purchasable","13":"product-type-simple"},"_links":{"self":[{"href":"https:\/\/www.finsdesiecles-artdeco.com\/es\/wp-json\/wp\/v2\/product\/7146","targetHints":{"allow":["GET"]}}],"collection":[{"href":"https:\/\/www.finsdesiecles-artdeco.com\/es\/wp-json\/wp\/v2\/product"}],"about":[{"href":"https:\/\/www.finsdesiecles-artdeco.com\/es\/wp-json\/wp\/v2\/types\/product"}],"wp:featuredmedia":[{"embeddable":true,"href":"https:\/\/www.finsdesiecles-artdeco.com\/es\/wp-json\/wp\/v2\/media\/9513"}],"wp:attachment":[{"href":"https:\/\/www.finsdesiecles-artdeco.com\/es\/wp-json\/wp\/v2\/media?parent=7146"}],"wp:term":[{"taxonomy":"product_brand","embeddable":true,"href":"https:\/\/www.finsdesiecles-artdeco.com\/es\/wp-json\/wp\/v2\/product_brand?post=7146"},{"taxonomy":"product_cat","embeddable":true,"href":"https:\/\/www.finsdesiecles-artdeco.com\/es\/wp-json\/wp\/v2\/product_cat?post=7146"},{"taxonomy":"product_tag","embeddable":true,"href":"https:\/\/www.finsdesiecles-artdeco.com\/es\/wp-json\/wp\/v2\/product_tag?post=7146"}],"curies":[{"name":"wp","href":"https:\/\/api.w.org\/{rel}","templated":true}]}}