{"id":7429,"date":"2021-07-26T19:36:58","date_gmt":"2021-07-26T19:36:58","guid":{"rendered":"https:\/\/www.finsdesiecles-artdeco.com\/?product=lamparas-de-pie"},"modified":"2022-09-12T11:50:45","modified_gmt":"2022-09-12T11:50:45","slug":"lampara-de-pie-italia-1940","status":"publish","type":"product","link":"https:\/\/www.finsdesiecles-artdeco.com\/es\/product\/lampara-de-pie-italia-1940\/","title":{"rendered":"L\u00e1mpara de pie &#8211; Italia 1940"},"content":{"rendered":"<p>L\u00e1mpara de pie &#8211; Italia 1940<\/p>\n<hr \/>\n<p><b>Dimensiones<\/b><\/p>\n<ul>\n<li><b>cm:<\/b> Diam 60 x 180<\/li>\n<li><b>inches:<\/b> Diam 23.62 x 70.87<\/li>\n<\/ul>\n","protected":false},"excerpt":{"rendered":"<p>L\u00e1mpara de pie con base y fuste en haya tintada barnizada a mu\u00f1eca, piezas de lat\u00f3n macizo en la base y en el fuste. Doble sistema de iluminaci\u00f3n, pantalla nueva en tela verde cobrizo.<\/p>\n<p>Italia c. 1940<\/p>\n<p>Pantalla: Diam 60 x 46 cm<\/p>\n<p><b>Dimensiones<\/b><\/p>\n<ul>\n<li><b>cm:<\/b> Diam 60 x 180<\/li>\n<li><b>inches:<\/b> Diam 23.62 x 70.87<\/li>\n<\/ul>\n","protected":false},"featured_media":8913,"template":"","meta":{"_editorskit_title_hidden":false,"_editorskit_reading_time":0,"_editorskit_is_block_options_detached":false,"_editorskit_block_options_position":"{}","inline_featured_image":false},"product_brand":[],"product_cat":[265,331],"product_tag":[],"class_list":{"0":"post-7429","1":"product","2":"type-product","3":"status-publish","4":"has-post-thumbnail","6":"product_cat-iluminacion","7":"product_cat-lamparas-de-pie","9":"first","10":"instock","11":"purchasable","12":"product-type-simple"},"_links":{"self":[{"href":"https:\/\/www.finsdesiecles-artdeco.com\/es\/wp-json\/wp\/v2\/product\/7429","targetHints":{"allow":["GET"]}}],"collection":[{"href":"https:\/\/www.finsdesiecles-artdeco.com\/es\/wp-json\/wp\/v2\/product"}],"about":[{"href":"https:\/\/www.finsdesiecles-artdeco.com\/es\/wp-json\/wp\/v2\/types\/product"}],"wp:featuredmedia":[{"embeddable":true,"href":"https:\/\/www.finsdesiecles-artdeco.com\/es\/wp-json\/wp\/v2\/media\/8913"}],"wp:attachment":[{"href":"https:\/\/www.finsdesiecles-artdeco.com\/es\/wp-json\/wp\/v2\/media?parent=7429"}],"wp:term":[{"taxonomy":"product_brand","embeddable":true,"href":"https:\/\/www.finsdesiecles-artdeco.com\/es\/wp-json\/wp\/v2\/product_brand?post=7429"},{"taxonomy":"product_cat","embeddable":true,"href":"https:\/\/www.finsdesiecles-artdeco.com\/es\/wp-json\/wp\/v2\/product_cat?post=7429"},{"taxonomy":"product_tag","embeddable":true,"href":"https:\/\/www.finsdesiecles-artdeco.com\/es\/wp-json\/wp\/v2\/product_tag?post=7429"}],"curies":[{"name":"wp","href":"https:\/\/api.w.org\/{rel}","templated":true}]}}