{"id":7440,"date":"2021-07-28T12:49:05","date_gmt":"2021-07-28T12:49:05","guid":{"rendered":"https:\/\/www.finsdesiecles-artdeco.com\/?product=lamparas-de-mesa"},"modified":"2022-09-13T09:13:13","modified_gmt":"2022-09-13T09:13:13","slug":"lampara-de-mesa-italia-1960","status":"publish","type":"product","link":"https:\/\/www.finsdesiecles-artdeco.com\/es\/product\/lampara-de-mesa-italia-1960\/","title":{"rendered":"L\u00e1mpara de mesa &#8211; Italia 1960"},"content":{"rendered":"<p>L\u00e1mpara de mesa &#8211; Italia 1960<\/p>\n<hr \/>\n<p><b>Dimensiones<\/b><\/p>\n<ul>\n<li><b>cm:<\/b> Diam 26 x 53<\/li>\n<li><b>inches:<\/b> Diam 10.24 x 20.87<\/li>\n<\/ul>\n","protected":false},"excerpt":{"rendered":"<p>L\u00e1mpara de mesa en opalina transl\u00facida y metal cromado, doble sistema de iluminaci\u00f3n y pantalla original en tela beige.<\/p>\n<p>Italia c. 1960<\/p>\n<p><b>Dimensiones<\/b><\/p>\n<ul>\n<li><b>cm:<\/b> Diam 26 x 53<\/li>\n<li><b>inches:<\/b> Diam 10.24 x 20.87<\/li>\n<\/ul>\n","protected":false},"featured_media":8911,"template":"","meta":{"_editorskit_title_hidden":false,"_editorskit_reading_time":0,"_editorskit_is_block_options_detached":false,"_editorskit_block_options_position":"{}","inline_featured_image":false},"product_brand":[],"product_cat":[265,334],"product_tag":[],"class_list":{"0":"post-7440","1":"product","2":"type-product","3":"status-publish","4":"has-post-thumbnail","6":"product_cat-iluminacion","7":"product_cat-lamparas-de-mesa","9":"first","10":"instock","11":"purchasable","12":"product-type-simple"},"_links":{"self":[{"href":"https:\/\/www.finsdesiecles-artdeco.com\/es\/wp-json\/wp\/v2\/product\/7440","targetHints":{"allow":["GET"]}}],"collection":[{"href":"https:\/\/www.finsdesiecles-artdeco.com\/es\/wp-json\/wp\/v2\/product"}],"about":[{"href":"https:\/\/www.finsdesiecles-artdeco.com\/es\/wp-json\/wp\/v2\/types\/product"}],"wp:featuredmedia":[{"embeddable":true,"href":"https:\/\/www.finsdesiecles-artdeco.com\/es\/wp-json\/wp\/v2\/media\/8911"}],"wp:attachment":[{"href":"https:\/\/www.finsdesiecles-artdeco.com\/es\/wp-json\/wp\/v2\/media?parent=7440"}],"wp:term":[{"taxonomy":"product_brand","embeddable":true,"href":"https:\/\/www.finsdesiecles-artdeco.com\/es\/wp-json\/wp\/v2\/product_brand?post=7440"},{"taxonomy":"product_cat","embeddable":true,"href":"https:\/\/www.finsdesiecles-artdeco.com\/es\/wp-json\/wp\/v2\/product_cat?post=7440"},{"taxonomy":"product_tag","embeddable":true,"href":"https:\/\/www.finsdesiecles-artdeco.com\/es\/wp-json\/wp\/v2\/product_tag?post=7440"}],"curies":[{"name":"wp","href":"https:\/\/api.w.org\/{rel}","templated":true}]}}