{"id":7467,"date":"2021-08-02T13:30:35","date_gmt":"2021-08-02T13:30:35","guid":{"rendered":"https:\/\/www.finsdesiecles-artdeco.com\/?product=muebles-bar"},"modified":"2023-04-13T15:56:17","modified_gmt":"2023-04-13T15:56:17","slug":"mueble-bar-tugas-francia-1950","status":"publish","type":"product","link":"https:\/\/www.finsdesiecles-artdeco.com\/es\/product\/mueble-bar-tugas-francia-1950\/","title":{"rendered":"Mueble bar Tugas &#8211; Francia 1950"},"content":{"rendered":"<p>Mueble bar Tugas &#8211; Francia 1950<\/p>\n<hr \/>\n<p><b>Dimensiones<\/b><\/p>\n<p><b>cm:<\/b> 99 x 47 x 77<\/p>\n<p><b>inches:<\/b> 38.97 x 18.5 x 30.31<\/p>\n","protected":false},"excerpt":{"rendered":"<p>Mueble bar Tugas sobre ruedas, caoba maciza y chapado de caoba barnizado a mu\u00f1eca. Puerta pivotante con espacio tintado en marfil con estantes de vidrio y espejo. Bandeja superior extra\u00edble, dos peque\u00f1os ceniceros y herrajes de metal cromado.<\/p>\n<p>Etiqueta del fabricante.<\/p>\n<p>Francia c. 1950<\/p>\n<p>&nbsp;<\/p>\n<p><b>Dimensiones<\/b><\/p>\n<p><b>cm:<\/b> 99 x 47 x 77<\/p>\n<p><b>inches:<\/b> 38.97 x 18.5 x 30.31<\/p>\n","protected":false},"featured_media":8748,"template":"","meta":{"_editorskit_title_hidden":false,"_editorskit_reading_time":0,"_editorskit_is_block_options_detached":false,"_editorskit_block_options_position":"{}","inline_featured_image":false},"product_brand":[],"product_cat":[277,319],"product_tag":[],"class_list":{"0":"post-7467","1":"product","2":"type-product","3":"status-publish","4":"has-post-thumbnail","6":"product_cat-auxiliares1643813499","7":"product_cat-muebles-bar","9":"first","10":"instock","11":"purchasable","12":"product-type-simple"},"_links":{"self":[{"href":"https:\/\/www.finsdesiecles-artdeco.com\/es\/wp-json\/wp\/v2\/product\/7467","targetHints":{"allow":["GET"]}}],"collection":[{"href":"https:\/\/www.finsdesiecles-artdeco.com\/es\/wp-json\/wp\/v2\/product"}],"about":[{"href":"https:\/\/www.finsdesiecles-artdeco.com\/es\/wp-json\/wp\/v2\/types\/product"}],"wp:featuredmedia":[{"embeddable":true,"href":"https:\/\/www.finsdesiecles-artdeco.com\/es\/wp-json\/wp\/v2\/media\/8748"}],"wp:attachment":[{"href":"https:\/\/www.finsdesiecles-artdeco.com\/es\/wp-json\/wp\/v2\/media?parent=7467"}],"wp:term":[{"taxonomy":"product_brand","embeddable":true,"href":"https:\/\/www.finsdesiecles-artdeco.com\/es\/wp-json\/wp\/v2\/product_brand?post=7467"},{"taxonomy":"product_cat","embeddable":true,"href":"https:\/\/www.finsdesiecles-artdeco.com\/es\/wp-json\/wp\/v2\/product_cat?post=7467"},{"taxonomy":"product_tag","embeddable":true,"href":"https:\/\/www.finsdesiecles-artdeco.com\/es\/wp-json\/wp\/v2\/product_tag?post=7467"}],"curies":[{"name":"wp","href":"https:\/\/api.w.org\/{rel}","templated":true}]}}