{"id":7477,"date":"2021-08-02T15:24:15","date_gmt":"2021-08-02T15:24:15","guid":{"rendered":"https:\/\/www.finsdesiecles-artdeco.com\/?product=mesas-de-centro"},"modified":"2022-09-12T11:46:16","modified_gmt":"2022-09-12T11:46:16","slug":"mesa-de-centro-italia-1950","status":"publish","type":"product","link":"https:\/\/www.finsdesiecles-artdeco.com\/es\/product\/mesa-de-centro-italia-1950\/","title":{"rendered":"Mesa de centro &#8211; Italia 1950"},"content":{"rendered":"<p>Mesa de centro &#8211; Italia 1950<\/p>\n<hr \/>\n<p><b>Dimensiones<\/b><\/p>\n<ul>\n<li><b>cm:<\/b> 103 x 46 x 42<\/li>\n<li><b>inches:<\/b> 40.55 x 18.11 x 16.54<\/li>\n<\/ul>\n","protected":false},"excerpt":{"rendered":"<p>Mesa de centro de teca maciza con filetes de \u00e9bano barnizados a mu\u00f1eca. Estructura de hierro ennegrecido y tuercas de uni\u00f3n en lat\u00f3n.<\/p>\n<p>Italia c. 1950<\/p>\n<p><b>Dimensiones<\/b><\/p>\n<ul>\n<li><b>cm:<\/b> 103 x 46 x 42<\/li>\n<li><b>inches:<\/b> 40.55 x 18.11 x 16.54<\/li>\n<\/ul>\n","protected":false},"featured_media":9491,"template":"","meta":{"_editorskit_title_hidden":false,"_editorskit_reading_time":0,"_editorskit_is_block_options_detached":false,"_editorskit_block_options_position":"{}","inline_featured_image":false},"product_brand":[],"product_cat":[258,292],"product_tag":[],"class_list":{"0":"post-7477","1":"product","2":"type-product","3":"status-publish","4":"has-post-thumbnail","6":"product_cat-mesas","7":"product_cat-centro","9":"first","10":"outofstock","11":"product-type-simple"},"_links":{"self":[{"href":"https:\/\/www.finsdesiecles-artdeco.com\/es\/wp-json\/wp\/v2\/product\/7477","targetHints":{"allow":["GET"]}}],"collection":[{"href":"https:\/\/www.finsdesiecles-artdeco.com\/es\/wp-json\/wp\/v2\/product"}],"about":[{"href":"https:\/\/www.finsdesiecles-artdeco.com\/es\/wp-json\/wp\/v2\/types\/product"}],"wp:featuredmedia":[{"embeddable":true,"href":"https:\/\/www.finsdesiecles-artdeco.com\/es\/wp-json\/wp\/v2\/media\/9491"}],"wp:attachment":[{"href":"https:\/\/www.finsdesiecles-artdeco.com\/es\/wp-json\/wp\/v2\/media?parent=7477"}],"wp:term":[{"taxonomy":"product_brand","embeddable":true,"href":"https:\/\/www.finsdesiecles-artdeco.com\/es\/wp-json\/wp\/v2\/product_brand?post=7477"},{"taxonomy":"product_cat","embeddable":true,"href":"https:\/\/www.finsdesiecles-artdeco.com\/es\/wp-json\/wp\/v2\/product_cat?post=7477"},{"taxonomy":"product_tag","embeddable":true,"href":"https:\/\/www.finsdesiecles-artdeco.com\/es\/wp-json\/wp\/v2\/product_tag?post=7477"}],"curies":[{"name":"wp","href":"https:\/\/api.w.org\/{rel}","templated":true}]}}