{"id":7685,"date":"2021-09-04T16:49:03","date_gmt":"2021-09-04T16:49:03","guid":{"rendered":"https:\/\/www.finsdesiecles-artdeco.com\/?product=muebles-bar"},"modified":"2022-09-11T15:02:01","modified_gmt":"2022-09-11T15:02:01","slug":"mueble-bar-barra-italia-1948-50","status":"publish","type":"product","link":"https:\/\/www.finsdesiecles-artdeco.com\/es\/product\/mueble-bar-barra-italia-1948-50\/","title":{"rendered":"Mueble bar &#8211; Italia 1948-50"},"content":{"rendered":"<p>Mueble bar &#8211; Italia 1948-50<\/p>\n<hr \/>\n<p><b>Dimensiones<\/b><\/p>\n<ul>\n<li><b>cm:<\/b> 138 x 47 x 109<\/li>\n<li><b>inches:<\/b> 54.33 x 18.5 x 42.91<\/li>\n<\/ul>\n","protected":false},"excerpt":{"rendered":"<p>Mueble bar de sicomoro macizo con trabajo de \u00abgrissini\u00bb, sobre curvado y biselado con un vidrio y p\u00e1tina dorada original. Un estante, un caj\u00f3n y dos peque\u00f1os estantes de lat\u00f3n y vidrio sobre la puerta en el interior. Todo barnizado a mu\u00f1eca.<\/p>\n<p>Italia c. 1948-50<\/p>\n<p><b>Dimensiones<\/b><\/p>\n<ul>\n<li><b>cm:<\/b> 138 x 47 x 109<\/li>\n<li><b>inches:<\/b> 54.33 x 18.5 x 42.91<\/li>\n<\/ul>\n","protected":false},"featured_media":8739,"template":"","meta":{"_editorskit_title_hidden":false,"_editorskit_reading_time":0,"_editorskit_is_block_options_detached":false,"_editorskit_block_options_position":"{}","inline_featured_image":false},"product_brand":[],"product_cat":[277,319],"product_tag":[],"class_list":{"0":"post-7685","1":"product","2":"type-product","3":"status-publish","4":"has-post-thumbnail","6":"product_cat-auxiliares1643813499","7":"product_cat-muebles-bar","9":"first","10":"instock","11":"purchasable","12":"product-type-simple"},"_links":{"self":[{"href":"https:\/\/www.finsdesiecles-artdeco.com\/es\/wp-json\/wp\/v2\/product\/7685","targetHints":{"allow":["GET"]}}],"collection":[{"href":"https:\/\/www.finsdesiecles-artdeco.com\/es\/wp-json\/wp\/v2\/product"}],"about":[{"href":"https:\/\/www.finsdesiecles-artdeco.com\/es\/wp-json\/wp\/v2\/types\/product"}],"wp:featuredmedia":[{"embeddable":true,"href":"https:\/\/www.finsdesiecles-artdeco.com\/es\/wp-json\/wp\/v2\/media\/8739"}],"wp:attachment":[{"href":"https:\/\/www.finsdesiecles-artdeco.com\/es\/wp-json\/wp\/v2\/media?parent=7685"}],"wp:term":[{"taxonomy":"product_brand","embeddable":true,"href":"https:\/\/www.finsdesiecles-artdeco.com\/es\/wp-json\/wp\/v2\/product_brand?post=7685"},{"taxonomy":"product_cat","embeddable":true,"href":"https:\/\/www.finsdesiecles-artdeco.com\/es\/wp-json\/wp\/v2\/product_cat?post=7685"},{"taxonomy":"product_tag","embeddable":true,"href":"https:\/\/www.finsdesiecles-artdeco.com\/es\/wp-json\/wp\/v2\/product_tag?post=7685"}],"curies":[{"name":"wp","href":"https:\/\/api.w.org\/{rel}","templated":true}]}}