{"id":7840,"date":"2021-11-01T16:23:29","date_gmt":"2021-11-01T16:23:29","guid":{"rendered":"https:\/\/www.finsdesiecles-artdeco.com\/?product=mesas-de-comedor"},"modified":"2022-08-06T10:48:36","modified_gmt":"2022-08-06T10:48:36","slug":"mesa-de-comedor-dominique-francia-1940","status":"publish","type":"product","link":"https:\/\/www.finsdesiecles-artdeco.com\/es\/product\/mesa-de-comedor-dominique-francia-1940\/","title":{"rendered":"Mesa de comedor Dominique &#8211; Francia 1940"},"content":{"rendered":"<p>Mesa de comedor Dominique &#8211; Francia 1940<\/p>\n<hr \/>\n<p><b>Dimensiones<\/b><\/p>\n<ul>\n<li><b>cm:<\/b> 130 x 90 x 75<\/li>\n<li><b>inches:<\/b> 51.18 x 35.43 x 29.53<\/li>\n<\/ul>\n","protected":false},"excerpt":{"rendered":"<p>Mesa de comedor en caoba maciza y chapado de caoba, cuatro patas de secci\u00f3n cuadrada con casquillos de lat\u00f3n macizo. Posibilidad de sistema de alargos, decoraci\u00f3n en lat\u00f3n pulido en las esquinas.<\/p>\n<p>En el estilo de Dominique.<\/p>\n<p>Francia c. 1940<\/p>\n<p>&nbsp;<\/p>\n<p><b>cm:<\/b> 130 x 90 x 75<\/p>\n<p><b>inches:<\/b> 51.18 x 35.43 x 29.53<\/p>\n","protected":false},"featured_media":9479,"template":"","meta":{"_editorskit_title_hidden":false,"_editorskit_reading_time":0,"_editorskit_is_block_options_detached":false,"_editorskit_block_options_position":"{}","inline_featured_image":false},"product_brand":[],"product_cat":[258,289],"product_tag":[],"class_list":{"0":"post-7840","1":"product","2":"type-product","3":"status-publish","4":"has-post-thumbnail","6":"product_cat-mesas","7":"product_cat-comedor","9":"first","10":"instock","11":"purchasable","12":"product-type-simple"},"_links":{"self":[{"href":"https:\/\/www.finsdesiecles-artdeco.com\/es\/wp-json\/wp\/v2\/product\/7840","targetHints":{"allow":["GET"]}}],"collection":[{"href":"https:\/\/www.finsdesiecles-artdeco.com\/es\/wp-json\/wp\/v2\/product"}],"about":[{"href":"https:\/\/www.finsdesiecles-artdeco.com\/es\/wp-json\/wp\/v2\/types\/product"}],"wp:featuredmedia":[{"embeddable":true,"href":"https:\/\/www.finsdesiecles-artdeco.com\/es\/wp-json\/wp\/v2\/media\/9479"}],"wp:attachment":[{"href":"https:\/\/www.finsdesiecles-artdeco.com\/es\/wp-json\/wp\/v2\/media?parent=7840"}],"wp:term":[{"taxonomy":"product_brand","embeddable":true,"href":"https:\/\/www.finsdesiecles-artdeco.com\/es\/wp-json\/wp\/v2\/product_brand?post=7840"},{"taxonomy":"product_cat","embeddable":true,"href":"https:\/\/www.finsdesiecles-artdeco.com\/es\/wp-json\/wp\/v2\/product_cat?post=7840"},{"taxonomy":"product_tag","embeddable":true,"href":"https:\/\/www.finsdesiecles-artdeco.com\/es\/wp-json\/wp\/v2\/product_tag?post=7840"}],"curies":[{"name":"wp","href":"https:\/\/api.w.org\/{rel}","templated":true}]}}