{"id":8003,"date":"2021-12-20T11:11:54","date_gmt":"2021-12-20T11:11:54","guid":{"rendered":"https:\/\/www.finsdesiecles-artdeco.com\/?product=centros-de-mesa"},"modified":"2022-08-05T17:38:15","modified_gmt":"2022-08-05T17:38:15","slug":"centro-de-mesa-art-deco-de-zanetto-1930","status":"publish","type":"product","link":"https:\/\/www.finsdesiecles-artdeco.com\/es\/product\/centro-de-mesa-art-deco-de-zanetto-1930\/","title":{"rendered":"Centro de mesa Art Dec\u00f3 de Zanetto &#8211; 1930"},"content":{"rendered":"<p>Centro de mesa <em>art dec\u00f3<\/em> de Zanetto &#8211; 1930<\/p>\n<hr \/>\n<p><b>Dimensiones<\/b><\/p>\n<ul>\n<li><b>cm:<\/b> Diam 41 x 28<\/li>\n<li><b>inches:<\/b> Diam 16.14 x 11.02<\/li>\n<\/ul>\n","protected":false},"excerpt":{"rendered":"<p>Centro de mesa <em>art dec\u00f3<\/em> formado por un plato y un jarr\u00f3n en lat\u00f3n ba\u00f1ado en plata martel\u00e9.<\/p>\n<p>Firmado: Zanetto<\/p>\n<p>Italia c. 1930<\/p>\n<p>&nbsp;<\/p>\n<p>Plato: Diam 41 x 11 cm<\/p>\n<p>Jarr\u00f3n: Diam 15 x 28 cm<\/p>\n<p>&nbsp;<\/p>\n<p><b>cm:<\/b> Diam 41 x 28<\/p>\n<p><b>inches:<\/b> Diam 16.14 x 11.02<\/p>\n","protected":false},"featured_media":8676,"template":"","meta":{"_editorskit_title_hidden":false,"_editorskit_reading_time":0,"_editorskit_is_block_options_detached":false,"_editorskit_block_options_position":"{}","inline_featured_image":false},"product_brand":[],"product_cat":[465,346,268],"product_tag":[],"class_list":{"0":"post-8003","1":"product","2":"type-product","3":"status-publish","4":"has-post-thumbnail","6":"product_cat-objetos-decorativos","7":"product_cat-plata","8":"product_cat-objetos-y-adornos","10":"first","11":"instock","12":"purchasable","13":"product-type-simple"},"_links":{"self":[{"href":"https:\/\/www.finsdesiecles-artdeco.com\/es\/wp-json\/wp\/v2\/product\/8003","targetHints":{"allow":["GET"]}}],"collection":[{"href":"https:\/\/www.finsdesiecles-artdeco.com\/es\/wp-json\/wp\/v2\/product"}],"about":[{"href":"https:\/\/www.finsdesiecles-artdeco.com\/es\/wp-json\/wp\/v2\/types\/product"}],"wp:featuredmedia":[{"embeddable":true,"href":"https:\/\/www.finsdesiecles-artdeco.com\/es\/wp-json\/wp\/v2\/media\/8676"}],"wp:attachment":[{"href":"https:\/\/www.finsdesiecles-artdeco.com\/es\/wp-json\/wp\/v2\/media?parent=8003"}],"wp:term":[{"taxonomy":"product_brand","embeddable":true,"href":"https:\/\/www.finsdesiecles-artdeco.com\/es\/wp-json\/wp\/v2\/product_brand?post=8003"},{"taxonomy":"product_cat","embeddable":true,"href":"https:\/\/www.finsdesiecles-artdeco.com\/es\/wp-json\/wp\/v2\/product_cat?post=8003"},{"taxonomy":"product_tag","embeddable":true,"href":"https:\/\/www.finsdesiecles-artdeco.com\/es\/wp-json\/wp\/v2\/product_tag?post=8003"}],"curies":[{"name":"wp","href":"https:\/\/api.w.org\/{rel}","templated":true}]}}