{"id":8047,"date":"2022-01-03T15:22:47","date_gmt":"2022-01-03T15:22:47","guid":{"rendered":"https:\/\/www.finsdesiecles-artdeco.com\/?product=escritorios"},"modified":"2023-08-17T11:30:56","modified_gmt":"2023-08-17T11:30:56","slug":"escritorio-art-deco-atribuido-a-challeyssin-1930","status":"publish","type":"product","link":"https:\/\/www.finsdesiecles-artdeco.com\/es\/product\/escritorio-art-deco-atribuido-a-challeyssin-1930\/","title":{"rendered":"Escritorio Art Dec\u00f3 atribuido a Chaleyssin &#8211; Francia 1930"},"content":{"rendered":"<p><strong>Francisque Chaleyssin <\/strong>(Lyon, Francia, 1872-1951).<\/p>\n<p>En 1896, Francisque Chaleyssin hereda, junto con su hermano Joseph, la compa\u00f1\u00eda Chaleyssin, fundada en 1867 por su padre. Joseph desempe\u00f1a el papel de gerente y Francisque, escultor de formaci\u00f3n, el de artista. En 1912, la peque\u00f1a empresa se asocia con la casa parisina Mercier y se convierte en Mercier &amp; Chaleyssin. Las primeras piezas, en la d\u00e9cada de 1920, son de esp\u00edritu ingl\u00e9s o con reminiscencias de Luis XVI, aunque con influencia de Paul Follot. En esa \u00e9poca, la producci\u00f3n se centra en un t\u00edmido <em>art dec\u00f3<\/em> que a\u00fan no se atreve a afirmarse. En 1923, tras la muerte de su hermano, Francisque Chaleyssin se encuentra solo al frente de la empresa. Contrata a su yerno Andr\u00e9 Ducaroy, un dise\u00f1ador de muebles modernos, realizados durante las d\u00e9cadas de 1920 y 1930. En 1925, durante la Exposici\u00f3n de Artes Decorativas e Industriales Modernas, Francisque Chaleyssin presenta una composici\u00f3n, un aparador-secreter, que le vale los honores de la prensa de Lyon y Par\u00eds. Hacia 1930, en plena era de los transatl\u00e1nticos, la casa Mercier et Chaleyssin participa en el acondicionamiento e interiorismo de muchos de ellos. En 1934 se separan de Mercier. Francisque Chaleyssin, considerado menos moderno y creativo que su yerno, sigue siendo una figura destacada. Administrador jefe de la Escuela de Bellas Artes, funda una clase de decoraci\u00f3n y en la d\u00e9cada de 1930 es presidente del comit\u00e9 regional de Artes Aplicadas de Lyon. Durante la Segunda Guerra Mundial, la f\u00e1brica se contenta con completar los pedidos en curso y vuelve a un dise\u00f1o de mobiliario m\u00e1s cl\u00e1sico. Tras su muerte, la empresa cierra en 1960.<\/p>\n","protected":false},"excerpt":{"rendered":"<p>Peque\u00f1o escritorio<em> art dec\u00f3<\/em> cubista de doble cara de roble macizo y contrachapado de roble barnizado a mu\u00f1eca. Tres cajones en la parte frontal y un estante bajo el sobre, tubo y tiradores en acero niquelado.<\/p>\n<p>Atribu\u00eddo a Francisque Chaleyssin.<\/p>\n<p>Francia, Lyon c. 1930<\/p>\n<p>&nbsp;<\/p>\n<p><b>Dimensiones<\/b><\/p>\n<p><b>cm:<\/b> 110 x 64 x 75<\/p>\n<p><b>inches:<\/b> 43.31 x 25,19 x 29,52<\/p>\n","protected":false},"featured_media":8670,"template":"","meta":{"_editorskit_title_hidden":false,"_editorskit_reading_time":0,"_editorskit_is_block_options_detached":false,"_editorskit_block_options_position":"{}","inline_featured_image":false},"product_brand":[],"product_cat":[258,262],"product_tag":[],"class_list":{"0":"post-8047","1":"product","2":"type-product","3":"status-publish","4":"has-post-thumbnail","6":"product_cat-mesas","7":"product_cat-escritorios","9":"first","10":"instock","11":"purchasable","12":"product-type-simple"},"_links":{"self":[{"href":"https:\/\/www.finsdesiecles-artdeco.com\/es\/wp-json\/wp\/v2\/product\/8047","targetHints":{"allow":["GET"]}}],"collection":[{"href":"https:\/\/www.finsdesiecles-artdeco.com\/es\/wp-json\/wp\/v2\/product"}],"about":[{"href":"https:\/\/www.finsdesiecles-artdeco.com\/es\/wp-json\/wp\/v2\/types\/product"}],"wp:featuredmedia":[{"embeddable":true,"href":"https:\/\/www.finsdesiecles-artdeco.com\/es\/wp-json\/wp\/v2\/media\/8670"}],"wp:attachment":[{"href":"https:\/\/www.finsdesiecles-artdeco.com\/es\/wp-json\/wp\/v2\/media?parent=8047"}],"wp:term":[{"taxonomy":"product_brand","embeddable":true,"href":"https:\/\/www.finsdesiecles-artdeco.com\/es\/wp-json\/wp\/v2\/product_brand?post=8047"},{"taxonomy":"product_cat","embeddable":true,"href":"https:\/\/www.finsdesiecles-artdeco.com\/es\/wp-json\/wp\/v2\/product_cat?post=8047"},{"taxonomy":"product_tag","embeddable":true,"href":"https:\/\/www.finsdesiecles-artdeco.com\/es\/wp-json\/wp\/v2\/product_tag?post=8047"}],"curies":[{"name":"wp","href":"https:\/\/api.w.org\/{rel}","templated":true}]}}