{"id":11099,"date":"2022-07-21T16:10:08","date_gmt":"2022-07-21T16:10:08","guid":{"rendered":"https:\/\/www.finsdesiecles-artdeco.com\/product\/pair-of-table-lamps-by-clar-barcelona-1960\/"},"modified":"2022-07-21T16:18:58","modified_gmt":"2022-07-21T16:18:58","slug":"paire-de-lampes-de-table-par-clar-barcelone-1960","status":"publish","type":"product","link":"https:\/\/www.finsdesiecles-artdeco.com\/fr\/product\/paire-de-lampes-de-table-par-clar-barcelone-1960\/","title":{"rendered":"Paire de lampes de table par Clar &#8211; Barcelone 1960"},"content":{"rendered":"<p>Paire de lampes de table par Clar &#8211; Barcelone, 1960<\/p>\n<p><strong>Dimensions<\/strong><\/p>\n<p><strong>cm<\/strong>\u00a0Diam 45 x 94<br \/>\n<strong>inches<\/strong>\u00a0Diam 17.72 x 37.01<\/p>\n","protected":false},"excerpt":{"rendered":"<p>Paire de grandes lampes de table, pi\u00e8tement en acajou massif verni au tampon et laiton poli surmont\u00e9 d&rsquo;un axe et syst\u00e8me de fixation de l&rsquo;abat jour en acier laqu\u00e9 ivoire, abats-jour refaits \u00e0 neuf en toile noire doubl\u00e9e dor\u00e9. \u00c9lectricit\u00e9 et c\u00e2blage neufs.<\/p>\n<p>Marque: Clar<\/p>\n<p>Espagne, Barcelone vers 1960<\/p>\n<p>&nbsp;<\/p>\n<p><strong>cm<\/strong>\u00a0Diam 45 x 94<br \/>\n<strong>inches<\/strong>\u00a0Diam 17.72 x 37.01<\/p>\n","protected":false},"featured_media":11075,"template":"","meta":{"_editorskit_title_hidden":false,"_editorskit_reading_time":0,"_editorskit_is_block_options_detached":false,"_editorskit_block_options_position":"{}","inline_featured_image":false},"product_brand":[],"product_cat":[333,264],"product_tag":[],"class_list":{"0":"post-11099","1":"product","2":"type-product","3":"status-publish","4":"has-post-thumbnail","6":"product_cat-lampes-de-table","7":"product_cat-luminaires","9":"first","10":"instock","11":"shipping-taxable","12":"purchasable","13":"product-type-simple"},"_links":{"self":[{"href":"https:\/\/www.finsdesiecles-artdeco.com\/fr\/wp-json\/wp\/v2\/product\/11099","targetHints":{"allow":["GET"]}}],"collection":[{"href":"https:\/\/www.finsdesiecles-artdeco.com\/fr\/wp-json\/wp\/v2\/product"}],"about":[{"href":"https:\/\/www.finsdesiecles-artdeco.com\/fr\/wp-json\/wp\/v2\/types\/product"}],"wp:featuredmedia":[{"embeddable":true,"href":"https:\/\/www.finsdesiecles-artdeco.com\/fr\/wp-json\/wp\/v2\/media\/11075"}],"wp:attachment":[{"href":"https:\/\/www.finsdesiecles-artdeco.com\/fr\/wp-json\/wp\/v2\/media?parent=11099"}],"wp:term":[{"taxonomy":"product_brand","embeddable":true,"href":"https:\/\/www.finsdesiecles-artdeco.com\/fr\/wp-json\/wp\/v2\/product_brand?post=11099"},{"taxonomy":"product_cat","embeddable":true,"href":"https:\/\/www.finsdesiecles-artdeco.com\/fr\/wp-json\/wp\/v2\/product_cat?post=11099"},{"taxonomy":"product_tag","embeddable":true,"href":"https:\/\/www.finsdesiecles-artdeco.com\/fr\/wp-json\/wp\/v2\/product_tag?post=11099"}],"curies":[{"name":"wp","href":"https:\/\/api.w.org\/{rel}","templated":true}]}}