{"id":12825,"date":"2022-08-01T10:57:35","date_gmt":"2022-08-01T10:57:35","guid":{"rendered":"https:\/\/www.finsdesiecles-artdeco.com\/product\/nest-tables\/"},"modified":"2023-05-13T09:42:39","modified_gmt":"2023-05-13T09:42:39","slug":"tables-gigognes","status":"publish","type":"product","link":"https:\/\/www.finsdesiecles-artdeco.com\/fr\/product\/tables-gigognes\/","title":{"rendered":"Tables gigognes &#8211; France 1950"},"content":{"rendered":"<p>Tables gigognes &#8211; France, 1950<\/p>\n<p>&nbsp;<\/p>\n<p><strong>Dimensions<\/strong><\/p>\n<p>Large table: 62 x 31 x 40 cm<\/p>\n<p>Medium table: 47 x 31 x 36 cm<\/p>\n<p>Small table: 31 x 31 x 32 cm<\/p>\n<p>&nbsp;<\/p>\n<p><strong>cm<\/strong>\u00a062 x 31 x 40<br \/>\n<strong>inches<\/strong>\u00a024.41 x 12.2 x 15.75<\/p>\n","protected":false},"excerpt":{"rendered":"<p>S\u00e9rie de trois tables gigognes \u00e0 structure en acier noir, tablettes en bois plaqu\u00e9 d&rsquo;une parqueterie de bois d&rsquo;olivier. Finition cir\u00e9e.<\/p>\n<p>France vers 1950.<\/p>\n<p>&nbsp;<\/p>\n<p>Table grande: 62 x 31 x 40 cm<\/p>\n<p>Table moyenne: 47 x 31 x 36 cm<\/p>\n<p>Table petite: 31 x 31 x 32 cm<\/p>\n<p>&nbsp;<\/p>\n<p><strong>cm<\/strong>\u00a062 x 31 x 40<br \/>\n<strong>inches<\/strong>\u00a024.41 x 12.2 x 15.75<\/p>\n","protected":false},"featured_media":11540,"template":"","meta":{"_editorskit_title_hidden":false,"_editorskit_reading_time":0,"_editorskit_is_block_options_detached":false,"_editorskit_block_options_position":"{}","inline_featured_image":false},"product_brand":[],"product_cat":[256,257],"product_tag":[511],"class_list":{"0":"post-12825","1":"product","2":"type-product","3":"status-publish","4":"has-post-thumbnail","6":"product_cat-tables","7":"product_cat-gueridons","8":"product_tag-nest-tables-fr","10":"first","11":"instock","12":"shipping-taxable","13":"purchasable","14":"product-type-simple"},"_links":{"self":[{"href":"https:\/\/www.finsdesiecles-artdeco.com\/fr\/wp-json\/wp\/v2\/product\/12825","targetHints":{"allow":["GET"]}}],"collection":[{"href":"https:\/\/www.finsdesiecles-artdeco.com\/fr\/wp-json\/wp\/v2\/product"}],"about":[{"href":"https:\/\/www.finsdesiecles-artdeco.com\/fr\/wp-json\/wp\/v2\/types\/product"}],"wp:featuredmedia":[{"embeddable":true,"href":"https:\/\/www.finsdesiecles-artdeco.com\/fr\/wp-json\/wp\/v2\/media\/11540"}],"wp:attachment":[{"href":"https:\/\/www.finsdesiecles-artdeco.com\/fr\/wp-json\/wp\/v2\/media?parent=12825"}],"wp:term":[{"taxonomy":"product_brand","embeddable":true,"href":"https:\/\/www.finsdesiecles-artdeco.com\/fr\/wp-json\/wp\/v2\/product_brand?post=12825"},{"taxonomy":"product_cat","embeddable":true,"href":"https:\/\/www.finsdesiecles-artdeco.com\/fr\/wp-json\/wp\/v2\/product_cat?post=12825"},{"taxonomy":"product_tag","embeddable":true,"href":"https:\/\/www.finsdesiecles-artdeco.com\/fr\/wp-json\/wp\/v2\/product_tag?post=12825"}],"curies":[{"name":"wp","href":"https:\/\/api.w.org\/{rel}","templated":true}]}}