{"id":12991,"date":"2022-08-04T09:29:11","date_gmt":"2022-08-04T09:29:11","guid":{"rendered":"https:\/\/www.finsdesiecles-artdeco.com\/product\/art-deco-face-mask-austria-1920\/"},"modified":"2022-08-04T09:47:10","modified_gmt":"2022-08-04T09:47:10","slug":"masque-visage","status":"publish","type":"product","link":"https:\/\/www.finsdesiecles-artdeco.com\/fr\/product\/masque-visage\/","title":{"rendered":"Masque Art D\u00e9co &#8211; Autriche 1920"},"content":{"rendered":"<p>Masque Art D\u00e9co &#8211; Autriche, 1920<\/p>\n<p>&nbsp;<\/p>\n<p><strong>Dimensions<\/strong><\/p>\n<p><strong>cm<\/strong>\u00a015 x 17 x 27<br \/>\n<strong>inches<\/strong>\u00a05.91 x 6.69 x 10.63<\/p>\n","protected":false},"excerpt":{"rendered":"<p>Masque-visage de femme Art D\u00e9co en c\u00e9ramique \u00e9maill\u00e9e mont\u00e9 sur bois et socle en marbre.<\/p>\n<p>Production Keramos<\/p>\n<p>Sign\u00e9 \u00ab\u00a0Podany\u00a0\u00bb (Rudolf Podany)<\/p>\n<p>Autriche vers 1920<\/p>\n<p>&nbsp;<\/p>\n<p><strong>cm<\/strong>\u00a015 x 17 x 27<br \/>\n<strong>inches<\/strong>\u00a05.91 x 6.69 x 10.63<\/p>\n","protected":false},"featured_media":12725,"template":"","meta":{"_editorskit_title_hidden":false,"_editorskit_reading_time":0,"_editorskit_is_block_options_detached":false,"_editorskit_block_options_position":"{}","inline_featured_image":false},"product_brand":[],"product_cat":[267,462],"product_tag":[592],"class_list":{"0":"post-12991","1":"product","2":"type-product","3":"status-publish","4":"has-post-thumbnail","6":"product_cat-objets-et-accessoires","7":"product_cat-ceramiques","8":"product_tag-face-mask-fr","10":"first","11":"instock","12":"shipping-taxable","13":"purchasable","14":"product-type-simple"},"_links":{"self":[{"href":"https:\/\/www.finsdesiecles-artdeco.com\/fr\/wp-json\/wp\/v2\/product\/12991","targetHints":{"allow":["GET"]}}],"collection":[{"href":"https:\/\/www.finsdesiecles-artdeco.com\/fr\/wp-json\/wp\/v2\/product"}],"about":[{"href":"https:\/\/www.finsdesiecles-artdeco.com\/fr\/wp-json\/wp\/v2\/types\/product"}],"wp:featuredmedia":[{"embeddable":true,"href":"https:\/\/www.finsdesiecles-artdeco.com\/fr\/wp-json\/wp\/v2\/media\/12725"}],"wp:attachment":[{"href":"https:\/\/www.finsdesiecles-artdeco.com\/fr\/wp-json\/wp\/v2\/media?parent=12991"}],"wp:term":[{"taxonomy":"product_brand","embeddable":true,"href":"https:\/\/www.finsdesiecles-artdeco.com\/fr\/wp-json\/wp\/v2\/product_brand?post=12991"},{"taxonomy":"product_cat","embeddable":true,"href":"https:\/\/www.finsdesiecles-artdeco.com\/fr\/wp-json\/wp\/v2\/product_cat?post=12991"},{"taxonomy":"product_tag","embeddable":true,"href":"https:\/\/www.finsdesiecles-artdeco.com\/fr\/wp-json\/wp\/v2\/product_tag?post=12991"}],"curies":[{"name":"wp","href":"https:\/\/api.w.org\/{rel}","templated":true}]}}