{"id":13037,"date":"2022-08-05T09:34:30","date_gmt":"2022-08-05T09:34:30","guid":{"rendered":"https:\/\/www.finsdesiecles-artdeco.com\/product\/secretary-cabinet\/"},"modified":"2022-11-10T11:01:00","modified_gmt":"2022-11-10T11:01:00","slug":"meuble-secretaire","status":"publish","type":"product","link":"https:\/\/www.finsdesiecles-artdeco.com\/fr\/product\/meuble-secretaire\/","title":{"rendered":"Meuble secr\u00e9taire-\u00e9tag\u00e8res &#8211; Italie 1950"},"content":{"rendered":"<p>Meuble secr\u00e9taire-\u00e9tag\u00e8res\u00a0&#8211; Italie, 1950<\/p>\n<p>&nbsp;<\/p>\n<p><strong>Dimensions<\/strong><\/p>\n<p><strong>cm<\/strong>\u00a0164 x 40 x 198<br \/>\n<strong>inches<\/strong>\u00a064.57 x 15.75 x 77.95<\/p>\n","protected":false},"excerpt":{"rendered":"<p>Meuble secr\u00e9taire-\u00e9tag\u00e8res \u00e0 deux corps en teak massif, placage de teak\u00a0et acier noir\u00e7i, enti\u00e8rement modulable. Cinq \u00e9tag\u00e8res, finition gomme-laque. Int\u00e9rieur en Z\u00e9brano. D\u00e9tails en laiton poli.<\/p>\n<p>Italie vers 1950.<\/p>\n<p>&nbsp;<\/p>\n<p><strong>cm<\/strong>\u00a0164 x 40 x 198<br \/>\n<strong>inches<\/strong>\u00a064.57 x 15.75 x 77.95<\/p>\n","protected":false},"featured_media":12038,"template":"","meta":{"_editorskit_title_hidden":false,"_editorskit_reading_time":0,"_editorskit_is_block_options_detached":false,"_editorskit_block_options_position":"{}","inline_featured_image":false},"product_brand":[],"product_cat":[276,415,442,300],"product_tag":[612],"class_list":{"0":"post-13037","1":"product","2":"type-product","3":"status-publish","4":"has-post-thumbnail","6":"product_cat-auxiliaires","7":"product_cat-meubles-de-rangement","8":"product_cat-secretaires-fr","9":"product_cat-bibliotheques","10":"product_tag-secretary-cabinet-fr","12":"first","13":"instock","14":"shipping-taxable","15":"purchasable","16":"product-type-simple"},"_links":{"self":[{"href":"https:\/\/www.finsdesiecles-artdeco.com\/fr\/wp-json\/wp\/v2\/product\/13037","targetHints":{"allow":["GET"]}}],"collection":[{"href":"https:\/\/www.finsdesiecles-artdeco.com\/fr\/wp-json\/wp\/v2\/product"}],"about":[{"href":"https:\/\/www.finsdesiecles-artdeco.com\/fr\/wp-json\/wp\/v2\/types\/product"}],"wp:featuredmedia":[{"embeddable":true,"href":"https:\/\/www.finsdesiecles-artdeco.com\/fr\/wp-json\/wp\/v2\/media\/12038"}],"wp:attachment":[{"href":"https:\/\/www.finsdesiecles-artdeco.com\/fr\/wp-json\/wp\/v2\/media?parent=13037"}],"wp:term":[{"taxonomy":"product_brand","embeddable":true,"href":"https:\/\/www.finsdesiecles-artdeco.com\/fr\/wp-json\/wp\/v2\/product_brand?post=13037"},{"taxonomy":"product_cat","embeddable":true,"href":"https:\/\/www.finsdesiecles-artdeco.com\/fr\/wp-json\/wp\/v2\/product_cat?post=13037"},{"taxonomy":"product_tag","embeddable":true,"href":"https:\/\/www.finsdesiecles-artdeco.com\/fr\/wp-json\/wp\/v2\/product_tag?post=13037"}],"curies":[{"name":"wp","href":"https:\/\/api.w.org\/{rel}","templated":true}]}}