{"id":13044,"date":"2022-08-05T10:24:14","date_gmt":"2022-08-05T10:24:14","guid":{"rendered":"https:\/\/www.finsdesiecles-artdeco.com\/product\/coffee-table\/"},"modified":"2022-08-05T10:28:51","modified_gmt":"2022-08-05T10:28:51","slug":"table-basse","status":"publish","type":"product","link":"https:\/\/www.finsdesiecles-artdeco.com\/fr\/product\/table-basse\/","title":{"rendered":"Table basse Art D\u00e9co &#8211; Italie 1930"},"content":{"rendered":"<p>Table basse Art D\u00e9co &#8211; Italie, 1930<\/p>\n<p>&nbsp;<\/p>\n<p><strong>Dimensions<\/strong><\/p>\n<p><strong>cm<\/strong>\u00a090 x 36 x 52<br \/>\n<strong>inches<\/strong>\u00a035.43 x 14.17 x 20.47<\/p>\n","protected":false},"excerpt":{"rendered":"<p>Table basse Art D\u00e9co cubiste en bois massif plaqu\u00e9 d&rsquo;\u00e9rable mouchet\u00e9, socle en palissandre massif et placage de palissandre, c\u00f4t\u00e9s et dessus d\u00e9cor\u00e9s de miroirs grav\u00e9s. Vernis au tampon.<\/p>\n<p>Italie vers 1930<\/p>\n<p>&nbsp;<\/p>\n<p><strong>cm<\/strong>\u00a090 x 36 x 52<br \/>\n<strong>inches<\/strong>\u00a035.43 x 14.17 x 20.47<\/p>\n","protected":false},"featured_media":12074,"template":"","meta":{"_editorskit_title_hidden":false,"_editorskit_reading_time":0,"_editorskit_is_block_options_detached":false,"_editorskit_block_options_position":"{}","inline_featured_image":false},"product_brand":[],"product_cat":[256,291],"product_tag":[616],"class_list":{"0":"post-13044","1":"product","2":"type-product","3":"status-publish","4":"has-post-thumbnail","6":"product_cat-tables","7":"product_cat-tables-basses","8":"product_tag-coffee-table-fr","10":"first","11":"instock","12":"shipping-taxable","13":"purchasable","14":"product-type-simple"},"_links":{"self":[{"href":"https:\/\/www.finsdesiecles-artdeco.com\/fr\/wp-json\/wp\/v2\/product\/13044","targetHints":{"allow":["GET"]}}],"collection":[{"href":"https:\/\/www.finsdesiecles-artdeco.com\/fr\/wp-json\/wp\/v2\/product"}],"about":[{"href":"https:\/\/www.finsdesiecles-artdeco.com\/fr\/wp-json\/wp\/v2\/types\/product"}],"wp:featuredmedia":[{"embeddable":true,"href":"https:\/\/www.finsdesiecles-artdeco.com\/fr\/wp-json\/wp\/v2\/media\/12074"}],"wp:attachment":[{"href":"https:\/\/www.finsdesiecles-artdeco.com\/fr\/wp-json\/wp\/v2\/media?parent=13044"}],"wp:term":[{"taxonomy":"product_brand","embeddable":true,"href":"https:\/\/www.finsdesiecles-artdeco.com\/fr\/wp-json\/wp\/v2\/product_brand?post=13044"},{"taxonomy":"product_cat","embeddable":true,"href":"https:\/\/www.finsdesiecles-artdeco.com\/fr\/wp-json\/wp\/v2\/product_cat?post=13044"},{"taxonomy":"product_tag","embeddable":true,"href":"https:\/\/www.finsdesiecles-artdeco.com\/fr\/wp-json\/wp\/v2\/product_tag?post=13044"}],"curies":[{"name":"wp","href":"https:\/\/api.w.org\/{rel}","templated":true}]}}