{"id":13052,"date":"2022-08-05T10:55:11","date_gmt":"2022-08-05T10:55:11","guid":{"rendered":"https:\/\/www.finsdesiecles-artdeco.com\/product\/sideboard\/"},"modified":"2022-08-05T11:05:38","modified_gmt":"2022-08-05T11:05:38","slug":"enfilade","status":"publish","type":"product","link":"https:\/\/www.finsdesiecles-artdeco.com\/fr\/product\/enfilade\/","title":{"rendered":"Enfilade Art D\u00e9co &#8211; Italie 1930"},"content":{"rendered":"<p>Enfilade Art D\u00e9co &#8211; Italie, 1930<\/p>\n<p>&nbsp;<\/p>\n<p><strong>Dimensions<\/strong><\/p>\n<p><strong>cm<\/strong>\u00a0202 x 41 x 86<br \/>\n<strong>inches<\/strong>\u00a079.53 x 16.14 x 33.86<\/p>\n","protected":false},"excerpt":{"rendered":"<p>Enfilade Art D\u00e9co en bois massif plaqu\u00e9 d&rsquo;\u00e9rable mouchet\u00e9, palissandre massif et placage de palissandre (int\u00e9rieur et ext\u00e9rieur), socle typiquement Art D\u00e9co surmont\u00e9 d&rsquo;un jonc imitation bambou en palissandre massif, portes d\u00e9cor\u00e9es de miroirs grav\u00e9s, poign\u00e9es en laiton poli massif. Vernis au tampon.<\/p>\n<p>Italie vers 1930<\/p>\n<p>&nbsp;<\/p>\n<p><strong>cm<\/strong>\u00a0202 x 41 x 86<br \/>\n<strong>inches<\/strong>\u00a079.53 x 16.14 x 33.86<\/p>\n","protected":false},"featured_media":12098,"template":"","meta":{"_editorskit_title_hidden":false,"_editorskit_reading_time":0,"_editorskit_is_block_options_detached":false,"_editorskit_block_options_position":"{}","inline_featured_image":false},"product_brand":[],"product_cat":[415,273],"product_tag":[621],"class_list":{"0":"post-13052","1":"product","2":"type-product","3":"status-publish","4":"has-post-thumbnail","6":"product_cat-meubles-de-rangement","7":"product_cat-enfilades","8":"product_tag-sideboard-fr","10":"first","11":"instock","12":"shipping-taxable","13":"purchasable","14":"product-type-simple"},"_links":{"self":[{"href":"https:\/\/www.finsdesiecles-artdeco.com\/fr\/wp-json\/wp\/v2\/product\/13052","targetHints":{"allow":["GET"]}}],"collection":[{"href":"https:\/\/www.finsdesiecles-artdeco.com\/fr\/wp-json\/wp\/v2\/product"}],"about":[{"href":"https:\/\/www.finsdesiecles-artdeco.com\/fr\/wp-json\/wp\/v2\/types\/product"}],"wp:featuredmedia":[{"embeddable":true,"href":"https:\/\/www.finsdesiecles-artdeco.com\/fr\/wp-json\/wp\/v2\/media\/12098"}],"wp:attachment":[{"href":"https:\/\/www.finsdesiecles-artdeco.com\/fr\/wp-json\/wp\/v2\/media?parent=13052"}],"wp:term":[{"taxonomy":"product_brand","embeddable":true,"href":"https:\/\/www.finsdesiecles-artdeco.com\/fr\/wp-json\/wp\/v2\/product_brand?post=13052"},{"taxonomy":"product_cat","embeddable":true,"href":"https:\/\/www.finsdesiecles-artdeco.com\/fr\/wp-json\/wp\/v2\/product_cat?post=13052"},{"taxonomy":"product_tag","embeddable":true,"href":"https:\/\/www.finsdesiecles-artdeco.com\/fr\/wp-json\/wp\/v2\/product_tag?post=13052"}],"curies":[{"name":"wp","href":"https:\/\/api.w.org\/{rel}","templated":true}]}}