{"id":13059,"date":"2022-08-05T11:11:07","date_gmt":"2022-08-05T11:11:07","guid":{"rendered":"https:\/\/www.finsdesiecles-artdeco.com\/product\/sideboard-2\/"},"modified":"2022-08-05T11:14:36","modified_gmt":"2022-08-05T11:14:36","slug":"enfilade-2","status":"publish","type":"product","link":"https:\/\/www.finsdesiecles-artdeco.com\/fr\/product\/enfilade-2\/","title":{"rendered":"Grande enfilade &#8211; Belgique 1940"},"content":{"rendered":"<p>Grande enfilade &#8211; Belgique, 1940<\/p>\n<p><strong>Dimensions<\/strong><\/p>\n<p><strong>cm<\/strong>\u00a0259 x 49 x 97<br \/>\n<strong>inches<\/strong>\u00a0101.97 x 19.29 x 38.19<\/p>\n","protected":false},"excerpt":{"rendered":"<p>Grande enfilade en ch\u00eane massif et placage de ch\u00eane teint\u00e9 et verni \u00e0 la gomme-laque reposant sur un pi\u00e8tement \u00e0 colonnes, quatre portes ouvrant sur des \u00e9tag\u00e8res et tiroirs en ch\u00eane clair. La partie inf\u00e9rieure du plateau est sculpt\u00e9e en forme de vagues. Poign\u00e9es et quincaillerie en bronze nickel\u00e9 satin\u00e9. Meuble en partie d\u00e9montable.<\/p>\n<p>Belgique vers 1940.<\/p>\n<p>&nbsp;<\/p>\n<p>Meuble-bar assorti disponible<\/p>\n<p>&nbsp;<\/p>\n<p><strong>cm<\/strong>\u00a0259 x 49 x 97<br \/>\n<strong>inches<\/strong>\u00a0101.97 x 19.29 x 38.19<\/p>\n","protected":false},"featured_media":12119,"template":"","meta":{"_editorskit_title_hidden":false,"_editorskit_reading_time":0,"_editorskit_is_block_options_detached":false,"_editorskit_block_options_position":"{}","inline_featured_image":false},"product_brand":[],"product_cat":[415,273],"product_tag":[621],"class_list":{"0":"post-13059","1":"product","2":"type-product","3":"status-publish","4":"has-post-thumbnail","6":"product_cat-meubles-de-rangement","7":"product_cat-enfilades","8":"product_tag-sideboard-fr","10":"first","11":"instock","12":"shipping-taxable","13":"purchasable","14":"product-type-simple"},"_links":{"self":[{"href":"https:\/\/www.finsdesiecles-artdeco.com\/fr\/wp-json\/wp\/v2\/product\/13059","targetHints":{"allow":["GET"]}}],"collection":[{"href":"https:\/\/www.finsdesiecles-artdeco.com\/fr\/wp-json\/wp\/v2\/product"}],"about":[{"href":"https:\/\/www.finsdesiecles-artdeco.com\/fr\/wp-json\/wp\/v2\/types\/product"}],"wp:featuredmedia":[{"embeddable":true,"href":"https:\/\/www.finsdesiecles-artdeco.com\/fr\/wp-json\/wp\/v2\/media\/12119"}],"wp:attachment":[{"href":"https:\/\/www.finsdesiecles-artdeco.com\/fr\/wp-json\/wp\/v2\/media?parent=13059"}],"wp:term":[{"taxonomy":"product_brand","embeddable":true,"href":"https:\/\/www.finsdesiecles-artdeco.com\/fr\/wp-json\/wp\/v2\/product_brand?post=13059"},{"taxonomy":"product_cat","embeddable":true,"href":"https:\/\/www.finsdesiecles-artdeco.com\/fr\/wp-json\/wp\/v2\/product_cat?post=13059"},{"taxonomy":"product_tag","embeddable":true,"href":"https:\/\/www.finsdesiecles-artdeco.com\/fr\/wp-json\/wp\/v2\/product_tag?post=13059"}],"curies":[{"name":"wp","href":"https:\/\/api.w.org\/{rel}","templated":true}]}}