{"id":13117,"date":"2022-08-08T09:49:31","date_gmt":"2022-08-08T09:49:31","guid":{"rendered":"https:\/\/www.finsdesiecles-artdeco.com\/product\/pair-of-grilles\/"},"modified":"2022-09-09T14:47:50","modified_gmt":"2022-09-09T14:47:50","slug":"paire-de-grilles","status":"publish","type":"product","link":"https:\/\/www.finsdesiecles-artdeco.com\/fr\/product\/paire-de-grilles\/","title":{"rendered":"Paire de grilles n\u00e9oclassiques &#8211; France 1940"},"content":{"rendered":"<p>Paire de grilles de s\u00e9paration d&rsquo;appartement n\u00e9oclassiques en fer forg\u00e9 \u00e0 patine ancienne de feuilles d&rsquo;or. Points de fixation sur le montant le plus haut. Double-face. Tr\u00e8s belle qualit\u00e9.<\/p>\n<p>France vers 1940.<\/p>\n<p>&nbsp;<\/p>\n<p><strong>Dimensions <\/strong>(chacune)<\/p>\n<p><strong>cm:<\/strong> 105 x 1,5 x 142,5 &#8211; 200<\/p>\n<p><strong>inches:<\/strong> 41.33 x 0.6 x\u00a0 56.1 &#8211; 78.74<\/p>\n","protected":false},"excerpt":{"rendered":"<p>Paire de grilles de s\u00e9paration d&rsquo;appartement n\u00e9oclassiques en fer forg\u00e9 \u00e0 patine ancienne de feuilles d&rsquo;or. Points de fixation sur le montant le plus haut. Double-face. Tr\u00e8s belle qualit\u00e9.<\/p>\n<p>France vers 1940.<\/p>\n<p>&nbsp;<\/p>\n<p><strong>Dimensions <\/strong>(chacune)<\/p>\n<p><strong>cm:<\/strong> 105 x 1,5 x 142,5 &#8211; 200<\/p>\n<p><strong>inches:<\/strong> 41.33 x 0.6 x\u00a0 56.1 &#8211; 78.74<\/p>\n","protected":false},"featured_media":13086,"template":"","meta":{"_editorskit_title_hidden":false,"_editorskit_reading_time":0,"_editorskit_is_block_options_detached":false,"_editorskit_block_options_position":"{}","inline_featured_image":false},"product_brand":[],"product_cat":[686],"product_tag":[627],"class_list":{"0":"post-13117","1":"product","2":"type-product","3":"status-publish","4":"has-post-thumbnail","6":"product_cat-divers","7":"product_tag-grilles-fr","9":"first","10":"instock","11":"shipping-taxable","12":"purchasable","13":"product-type-simple"},"_links":{"self":[{"href":"https:\/\/www.finsdesiecles-artdeco.com\/fr\/wp-json\/wp\/v2\/product\/13117","targetHints":{"allow":["GET"]}}],"collection":[{"href":"https:\/\/www.finsdesiecles-artdeco.com\/fr\/wp-json\/wp\/v2\/product"}],"about":[{"href":"https:\/\/www.finsdesiecles-artdeco.com\/fr\/wp-json\/wp\/v2\/types\/product"}],"wp:featuredmedia":[{"embeddable":true,"href":"https:\/\/www.finsdesiecles-artdeco.com\/fr\/wp-json\/wp\/v2\/media\/13086"}],"wp:attachment":[{"href":"https:\/\/www.finsdesiecles-artdeco.com\/fr\/wp-json\/wp\/v2\/media?parent=13117"}],"wp:term":[{"taxonomy":"product_brand","embeddable":true,"href":"https:\/\/www.finsdesiecles-artdeco.com\/fr\/wp-json\/wp\/v2\/product_brand?post=13117"},{"taxonomy":"product_cat","embeddable":true,"href":"https:\/\/www.finsdesiecles-artdeco.com\/fr\/wp-json\/wp\/v2\/product_cat?post=13117"},{"taxonomy":"product_tag","embeddable":true,"href":"https:\/\/www.finsdesiecles-artdeco.com\/fr\/wp-json\/wp\/v2\/product_tag?post=13117"}],"curies":[{"name":"wp","href":"https:\/\/api.w.org\/{rel}","templated":true}]}}