{"id":13127,"date":"2022-08-08T11:30:15","date_gmt":"2022-08-08T11:30:15","guid":{"rendered":"https:\/\/www.finsdesiecles-artdeco.com\/product\/desk-lamps\/"},"modified":"2022-09-08T13:39:44","modified_gmt":"2022-09-08T13:39:44","slug":"lampe-de-bureau-4","status":"publish","type":"product","link":"https:\/\/www.finsdesiecles-artdeco.com\/fr\/product\/lampe-de-bureau-4\/","title":{"rendered":"Lampe de bureau &#8211; Espagne 1970"},"content":{"rendered":"<p>Grande lampe de bureau \u00e0 syst\u00e8me en laiton nickel\u00e9 et aluminium laqu\u00e9.<\/p>\n<p>Fabricant: Metalarte Spain (tampon)<\/p>\n<p>Espagne vers 1970.<\/p>\n<p>&nbsp;<\/p>\n<p><strong>Dimensions<\/strong><\/p>\n<p><strong>cm<\/strong>\u00a040 x 20 x 61<br \/>\n<strong>inches<\/strong>\u00a015.75 x 7.87 x 24.02<\/p>\n","protected":false},"excerpt":{"rendered":"<p>Grande lampe de bureau \u00e0 syst\u00e8me en laiton nickel\u00e9 et aluminium laqu\u00e9.<\/p>\n<p>Fabricant: Metalarte Spain (tampon)<\/p>\n<p>Espagne vers 1970.<\/p>\n<p>&nbsp;<\/p>\n<p><strong>cm<\/strong>\u00a040 x 20 x 61<br \/>\n<strong>inches<\/strong>\u00a015.75 x 7.87 x 24.02<\/p>\n","protected":false},"featured_media":12164,"template":"","meta":{"_editorskit_title_hidden":false,"_editorskit_reading_time":0,"_editorskit_is_block_options_detached":false,"_editorskit_block_options_position":"{}","inline_featured_image":false},"product_brand":[],"product_cat":[264,333],"product_tag":[634],"class_list":{"0":"post-13127","1":"product","2":"type-product","3":"status-publish","4":"has-post-thumbnail","6":"product_cat-luminaires","7":"product_cat-lampes-de-table","8":"product_tag-desk-lamps-fr","10":"first","11":"instock","12":"shipping-taxable","13":"purchasable","14":"product-type-simple"},"_links":{"self":[{"href":"https:\/\/www.finsdesiecles-artdeco.com\/fr\/wp-json\/wp\/v2\/product\/13127","targetHints":{"allow":["GET"]}}],"collection":[{"href":"https:\/\/www.finsdesiecles-artdeco.com\/fr\/wp-json\/wp\/v2\/product"}],"about":[{"href":"https:\/\/www.finsdesiecles-artdeco.com\/fr\/wp-json\/wp\/v2\/types\/product"}],"wp:featuredmedia":[{"embeddable":true,"href":"https:\/\/www.finsdesiecles-artdeco.com\/fr\/wp-json\/wp\/v2\/media\/12164"}],"wp:attachment":[{"href":"https:\/\/www.finsdesiecles-artdeco.com\/fr\/wp-json\/wp\/v2\/media?parent=13127"}],"wp:term":[{"taxonomy":"product_brand","embeddable":true,"href":"https:\/\/www.finsdesiecles-artdeco.com\/fr\/wp-json\/wp\/v2\/product_brand?post=13127"},{"taxonomy":"product_cat","embeddable":true,"href":"https:\/\/www.finsdesiecles-artdeco.com\/fr\/wp-json\/wp\/v2\/product_cat?post=13127"},{"taxonomy":"product_tag","embeddable":true,"href":"https:\/\/www.finsdesiecles-artdeco.com\/fr\/wp-json\/wp\/v2\/product_tag?post=13127"}],"curies":[{"name":"wp","href":"https:\/\/api.w.org\/{rel}","templated":true}]}}