{"id":13135,"date":"2022-08-08T15:04:57","date_gmt":"2022-08-08T15:04:57","guid":{"rendered":"https:\/\/www.finsdesiecles-artdeco.com\/product\/chest-of-drawers\/"},"modified":"2022-08-08T15:08:23","modified_gmt":"2022-08-08T15:08:23","slug":"commode","status":"publish","type":"product","link":"https:\/\/www.finsdesiecles-artdeco.com\/fr\/product\/commode\/","title":{"rendered":"Commode &#8211; France 1950"},"content":{"rendered":"<p>Commode &#8211; France, 1950<\/p>\n<p>&nbsp;<\/p>\n<p><strong>Dimensions<\/strong><\/p>\n<p><strong>cm<\/strong>\u00a0135 x 45 x 74<br \/>\n<strong>inches<\/strong>\u00a053.15 x 17.72 x 29.13<\/p>\n","protected":false},"excerpt":{"rendered":"<p>Commode en placage de ch\u00eane noir\u00e7i\u00a0\u00e0 six tiroirs aux faces inclin\u00e9es. Finition gomme-laque cir\u00e9e.<\/p>\n<p>France vers 1950<\/p>\n<p>&nbsp;<\/p>\n<p><strong>cm<\/strong>\u00a0135 x 45 x 74<br \/>\n<strong>inches<\/strong>\u00a053.15 x 17.72 x 29.13<\/p>\n","protected":false},"featured_media":12197,"template":"","meta":{"_editorskit_title_hidden":false,"_editorskit_reading_time":0,"_editorskit_is_block_options_detached":false,"_editorskit_block_options_position":"{}","inline_featured_image":false},"product_brand":[],"product_cat":[415,306],"product_tag":[639],"class_list":{"0":"post-13135","1":"product","2":"type-product","3":"status-publish","4":"has-post-thumbnail","6":"product_cat-meubles-de-rangement","7":"product_cat-commodes","8":"product_tag-chest-of-drawers-fr","10":"first","11":"instock","12":"shipping-taxable","13":"purchasable","14":"product-type-simple"},"_links":{"self":[{"href":"https:\/\/www.finsdesiecles-artdeco.com\/fr\/wp-json\/wp\/v2\/product\/13135","targetHints":{"allow":["GET"]}}],"collection":[{"href":"https:\/\/www.finsdesiecles-artdeco.com\/fr\/wp-json\/wp\/v2\/product"}],"about":[{"href":"https:\/\/www.finsdesiecles-artdeco.com\/fr\/wp-json\/wp\/v2\/types\/product"}],"wp:featuredmedia":[{"embeddable":true,"href":"https:\/\/www.finsdesiecles-artdeco.com\/fr\/wp-json\/wp\/v2\/media\/12197"}],"wp:attachment":[{"href":"https:\/\/www.finsdesiecles-artdeco.com\/fr\/wp-json\/wp\/v2\/media?parent=13135"}],"wp:term":[{"taxonomy":"product_brand","embeddable":true,"href":"https:\/\/www.finsdesiecles-artdeco.com\/fr\/wp-json\/wp\/v2\/product_brand?post=13135"},{"taxonomy":"product_cat","embeddable":true,"href":"https:\/\/www.finsdesiecles-artdeco.com\/fr\/wp-json\/wp\/v2\/product_cat?post=13135"},{"taxonomy":"product_tag","embeddable":true,"href":"https:\/\/www.finsdesiecles-artdeco.com\/fr\/wp-json\/wp\/v2\/product_tag?post=13135"}],"curies":[{"name":"wp","href":"https:\/\/api.w.org\/{rel}","templated":true}]}}