{"id":13243,"date":"2022-08-10T10:40:40","date_gmt":"2022-08-10T10:40:40","guid":{"rendered":"https:\/\/www.finsdesiecles-artdeco.com\/product\/floor-lamps\/"},"modified":"2022-08-10T10:47:14","modified_gmt":"2022-08-10T10:47:14","slug":"lampadaires","status":"publish","type":"product","link":"https:\/\/www.finsdesiecles-artdeco.com\/fr\/product\/lampadaires\/","title":{"rendered":"Grands lampadaires &#8211; Espagne 1940"},"content":{"rendered":"<p>Paire de grands lampadaires &#8211; Espagne, 1940<\/p>\n<p>&nbsp;<\/p>\n<p><strong>Dimensions<\/strong><\/p>\n<p><strong>cm<\/strong>\u00a0Diam 71 x 175<br \/>\n<strong>inches<\/strong>\u00a0Diam 27.95 x 68.9<\/p>\n<p>&nbsp;<\/p>\n","protected":false},"excerpt":{"rendered":"<p>Paire de grands lampadaires en noyer massif teint\u00e9 et verni au tampon, entretoises en bois dor\u00e9, double syst\u00e8me d&rsquo;\u00e9clairage, abats-jour refaits en rafia sur le ch\u00e2ssis\u00a0original.<\/p>\n<p>Espagne, Barcelone vers 1940<\/p>\n<p>&nbsp;<\/p>\n<p><strong>cm<\/strong>\u00a0Diam 71 x 175<br \/>\n<strong>inches<\/strong>\u00a0Diam 27.95 x 68.9<\/p>\n","protected":false},"featured_media":12431,"template":"","meta":{"_editorskit_title_hidden":false,"_editorskit_reading_time":0,"_editorskit_is_block_options_detached":false,"_editorskit_block_options_position":"{}","inline_featured_image":false},"product_brand":[],"product_cat":[264,330],"product_tag":[660],"class_list":{"0":"post-13243","1":"product","2":"type-product","3":"status-publish","4":"has-post-thumbnail","6":"product_cat-luminaires","7":"product_cat-lampadaires","8":"product_tag-standing-lamps-fr","10":"first","11":"instock","12":"shipping-taxable","13":"purchasable","14":"product-type-simple"},"_links":{"self":[{"href":"https:\/\/www.finsdesiecles-artdeco.com\/fr\/wp-json\/wp\/v2\/product\/13243","targetHints":{"allow":["GET"]}}],"collection":[{"href":"https:\/\/www.finsdesiecles-artdeco.com\/fr\/wp-json\/wp\/v2\/product"}],"about":[{"href":"https:\/\/www.finsdesiecles-artdeco.com\/fr\/wp-json\/wp\/v2\/types\/product"}],"wp:featuredmedia":[{"embeddable":true,"href":"https:\/\/www.finsdesiecles-artdeco.com\/fr\/wp-json\/wp\/v2\/media\/12431"}],"wp:attachment":[{"href":"https:\/\/www.finsdesiecles-artdeco.com\/fr\/wp-json\/wp\/v2\/media?parent=13243"}],"wp:term":[{"taxonomy":"product_brand","embeddable":true,"href":"https:\/\/www.finsdesiecles-artdeco.com\/fr\/wp-json\/wp\/v2\/product_brand?post=13243"},{"taxonomy":"product_cat","embeddable":true,"href":"https:\/\/www.finsdesiecles-artdeco.com\/fr\/wp-json\/wp\/v2\/product_cat?post=13243"},{"taxonomy":"product_tag","embeddable":true,"href":"https:\/\/www.finsdesiecles-artdeco.com\/fr\/wp-json\/wp\/v2\/product_tag?post=13243"}],"curies":[{"name":"wp","href":"https:\/\/api.w.org\/{rel}","templated":true}]}}