{"id":13251,"date":"2022-08-10T11:01:25","date_gmt":"2022-08-10T11:01:25","guid":{"rendered":"https:\/\/www.finsdesiecles-artdeco.com\/product\/chest\/"},"modified":"2022-11-05T10:38:05","modified_gmt":"2022-11-05T10:38:05","slug":"commode-2","status":"publish","type":"product","link":"https:\/\/www.finsdesiecles-artdeco.com\/fr\/product\/commode-2\/","title":{"rendered":"Commode \u00e0 trois tiroirs &#8211; Italie 1950"},"content":{"rendered":"<p>Commode \u00e0 trois tiroirs &#8211; Italie, 1950<\/p>\n<p>&nbsp;<\/p>\n<p><strong>Dimensions<\/strong><\/p>\n<p><strong>cm<\/strong>\u00a0110 Stands 115 x 50 x 84<br \/>\n<strong>inches<\/strong>\u00a043.31 Stands 45.28 x 19.69 x 33.07<\/p>\n","protected":false},"excerpt":{"rendered":"<p>Commode \u00e0 trois tiroirs en h\u00eatre massif et placage teint\u00e9 fonc\u00e9 et verni au tampon. Pieds en compas sur les c\u00f4t\u00e9s. Finitions en laiton.<\/p>\n<p>Italie vers 1950<\/p>\n<p>&nbsp;<\/p>\n<p><strong>cm<\/strong>\u00a0110 Pieds 115 x 50 x 84<br \/>\n<strong>inches<\/strong>\u00a043.31 Pieds 45.28 x 19.69 x 33.07<\/p>\n","protected":false},"featured_media":12455,"template":"","meta":{"_editorskit_title_hidden":false,"_editorskit_reading_time":0,"_editorskit_is_block_options_detached":false,"_editorskit_block_options_position":"{}","inline_featured_image":false},"product_brand":[],"product_cat":[415,306],"product_tag":[665],"class_list":{"0":"post-13251","1":"product","2":"type-product","3":"status-publish","4":"has-post-thumbnail","6":"product_cat-meubles-de-rangement","7":"product_cat-commodes","8":"product_tag-chest-fr","10":"first","11":"outofstock","12":"shipping-taxable","13":"product-type-simple"},"_links":{"self":[{"href":"https:\/\/www.finsdesiecles-artdeco.com\/fr\/wp-json\/wp\/v2\/product\/13251","targetHints":{"allow":["GET"]}}],"collection":[{"href":"https:\/\/www.finsdesiecles-artdeco.com\/fr\/wp-json\/wp\/v2\/product"}],"about":[{"href":"https:\/\/www.finsdesiecles-artdeco.com\/fr\/wp-json\/wp\/v2\/types\/product"}],"wp:featuredmedia":[{"embeddable":true,"href":"https:\/\/www.finsdesiecles-artdeco.com\/fr\/wp-json\/wp\/v2\/media\/12455"}],"wp:attachment":[{"href":"https:\/\/www.finsdesiecles-artdeco.com\/fr\/wp-json\/wp\/v2\/media?parent=13251"}],"wp:term":[{"taxonomy":"product_brand","embeddable":true,"href":"https:\/\/www.finsdesiecles-artdeco.com\/fr\/wp-json\/wp\/v2\/product_brand?post=13251"},{"taxonomy":"product_cat","embeddable":true,"href":"https:\/\/www.finsdesiecles-artdeco.com\/fr\/wp-json\/wp\/v2\/product_cat?post=13251"},{"taxonomy":"product_tag","embeddable":true,"href":"https:\/\/www.finsdesiecles-artdeco.com\/fr\/wp-json\/wp\/v2\/product_tag?post=13251"}],"curies":[{"name":"wp","href":"https:\/\/api.w.org\/{rel}","templated":true}]}}