{"id":13338,"date":"2022-08-16T14:10:48","date_gmt":"2022-08-16T14:10:48","guid":{"rendered":"https:\/\/www.finsdesiecles-artdeco.com\/product\/table-lamp-2\/"},"modified":"2022-09-09T09:59:44","modified_gmt":"2022-09-09T09:59:44","slug":"lampe-de-table-2","status":"publish","type":"product","link":"https:\/\/www.finsdesiecles-artdeco.com\/fr\/product\/lampe-de-table-2\/","title":{"rendered":"Lampe de table Toro &#8211; Espagne 1976"},"content":{"rendered":"<p>Lampe de table Toro de Enrich Franch Miret pour STOA<\/p>\n<p>Catalogne, Espagne 1976<\/p>\n<p>&nbsp;<\/p>\n<p><strong>Dimensions<\/strong><\/p>\n<p>cm Diam 45 x 70<\/p>\n<p>inches Diam 17.71 x 27.56<\/p>\n","protected":false},"excerpt":{"rendered":"<p>Grande lampe de table sph\u00e9rique en acier laqu\u00e9, m\u00e9tal chrom\u00e9 et plexiglas, syst\u00e8me coulissant de r\u00e9glage en hauteur. Trois points de lumi\u00e8re.<\/p>\n<p>Mod\u00e8le: Toro de Enric Franch Miret pour STOA.<\/p>\n<p>Catalogne, Espagne 1976.<\/p>\n<p>&nbsp;<\/p>\n<p>cm Diam 45 x 70<\/p>\n<p>inches Diam 17.71 x 27.56<\/p>\n","protected":false},"featured_media":13314,"template":"","meta":{"_editorskit_title_hidden":false,"_editorskit_reading_time":0,"_editorskit_is_block_options_detached":false,"_editorskit_block_options_position":"{}","inline_featured_image":false},"product_brand":[],"product_cat":[333,264],"product_tag":[523],"class_list":{"0":"post-13338","1":"product","2":"type-product","3":"status-publish","4":"has-post-thumbnail","6":"product_cat-lampes-de-table","7":"product_cat-luminaires","8":"product_tag-table-lamp-fr","10":"first","11":"outofstock","12":"shipping-taxable","13":"product-type-simple"},"_links":{"self":[{"href":"https:\/\/www.finsdesiecles-artdeco.com\/fr\/wp-json\/wp\/v2\/product\/13338","targetHints":{"allow":["GET"]}}],"collection":[{"href":"https:\/\/www.finsdesiecles-artdeco.com\/fr\/wp-json\/wp\/v2\/product"}],"about":[{"href":"https:\/\/www.finsdesiecles-artdeco.com\/fr\/wp-json\/wp\/v2\/types\/product"}],"wp:featuredmedia":[{"embeddable":true,"href":"https:\/\/www.finsdesiecles-artdeco.com\/fr\/wp-json\/wp\/v2\/media\/13314"}],"wp:attachment":[{"href":"https:\/\/www.finsdesiecles-artdeco.com\/fr\/wp-json\/wp\/v2\/media?parent=13338"}],"wp:term":[{"taxonomy":"product_brand","embeddable":true,"href":"https:\/\/www.finsdesiecles-artdeco.com\/fr\/wp-json\/wp\/v2\/product_brand?post=13338"},{"taxonomy":"product_cat","embeddable":true,"href":"https:\/\/www.finsdesiecles-artdeco.com\/fr\/wp-json\/wp\/v2\/product_cat?post=13338"},{"taxonomy":"product_tag","embeddable":true,"href":"https:\/\/www.finsdesiecles-artdeco.com\/fr\/wp-json\/wp\/v2\/product_tag?post=13338"}],"curies":[{"name":"wp","href":"https:\/\/api.w.org\/{rel}","templated":true}]}}