{"id":13384,"date":"2022-08-17T09:51:25","date_gmt":"2022-08-17T09:51:25","guid":{"rendered":"https:\/\/www.finsdesiecles-artdeco.com\/product\/sideboard-4\/"},"modified":"2024-08-17T18:25:09","modified_gmt":"2024-08-17T18:25:09","slug":"enfilade-4","status":"publish","type":"product","link":"https:\/\/www.finsdesiecles-artdeco.com\/fr\/product\/enfilade-4\/","title":{"rendered":"Enfilade \u00e0 4 portes &#8211; Italie 1940"},"content":{"rendered":"<p><strong>Paolo Buffa<\/strong> (Milan, Italie, 1903-1970)<\/p>\n<p>Les meubles con\u00e7us par l&rsquo;architecte et designer milanais Paolo Buffa sont pour la plupart uniques, bas\u00e9s sur les besoins de ses clients et, pour cette raison, toujours diff\u00e9rents. Ce qui unit ses pi\u00e8ces, outre la perfection de l&rsquo;ex\u00e9cution, c&rsquo;est le style n\u00e9oclassique que Buffa a absorb\u00e9 lors de sa formation \u00e0 l&rsquo;atelier de Gio Ponti dans les ann\u00e9es 20\u00a0: les lignes solides et \u00e9l\u00e9gantes que Buffa applique \u00e0 son mobilier maintiennent une sorte de continuit\u00e9 entre le XIXe et du XXe si\u00e8cle et caract\u00e9risent toute sa production. L&#8217;emploi de bois pr\u00e9cieux, souvent d\u00e9cor\u00e9s de fines rainures sur les surfaces et d&rsquo;ornements en laiton, est une autre caract\u00e9ristique reconnaissable de ses pi\u00e8ces. Sa collaboration la plus fr\u00e9quente fut avec l&rsquo;usine historique de meubles milanais Quarti, avec laquelle il con\u00e7ut divers projets publics et priv\u00e9s pour des clients prestigieux, comme le d\u00e9cor du yacht Mahroussa du roi Faruk d&rsquo;\u00c9gypte en 1951. Dans les ann\u00e9es 1960, le designer collabora avec le grand fabricant italien Cassina.<\/p>\n","protected":false},"excerpt":{"rendered":"<p>Enfilade \u00e0 quatre portes en placage de ch\u00eane noirci reposant sur un pi\u00e8tement \u00e0 entretoise, portes centrales d\u00e9cor\u00e9es de croisillons, int\u00e9rieur teint\u00e9 noyer, clefs en laiton nickel\u00e9. Finition \u00e0 la gomme-laque \u00ab\u00a0pores ouverts\u00a0\u00bb.<\/p>\n<p>Attribu\u00e9 \u00e0 Paolo Buffa.<\/p>\n<p>Italie vers 1940.<\/p>\n<p>&nbsp;<\/p>\n<p><strong>Dimensions<\/strong><\/p>\n<p>cm 200 x 50 x 98<\/p>\n<p>inches 78.74 x 19.68 x 38.58<\/p>\n<p>&nbsp;<\/p>\n<p>&nbsp;<\/p>\n","protected":false},"featured_media":13350,"template":"","meta":{"_editorskit_title_hidden":false,"_editorskit_reading_time":0,"_editorskit_is_block_options_detached":false,"_editorskit_block_options_position":"{}","inline_featured_image":false},"product_brand":[],"product_cat":[415,273],"product_tag":[621],"class_list":{"0":"post-13384","1":"product","2":"type-product","3":"status-publish","4":"has-post-thumbnail","6":"product_cat-meubles-de-rangement","7":"product_cat-enfilades","8":"product_tag-sideboard-fr","10":"first","11":"instock","12":"shipping-taxable","13":"purchasable","14":"product-type-simple"},"_links":{"self":[{"href":"https:\/\/www.finsdesiecles-artdeco.com\/fr\/wp-json\/wp\/v2\/product\/13384","targetHints":{"allow":["GET"]}}],"collection":[{"href":"https:\/\/www.finsdesiecles-artdeco.com\/fr\/wp-json\/wp\/v2\/product"}],"about":[{"href":"https:\/\/www.finsdesiecles-artdeco.com\/fr\/wp-json\/wp\/v2\/types\/product"}],"wp:featuredmedia":[{"embeddable":true,"href":"https:\/\/www.finsdesiecles-artdeco.com\/fr\/wp-json\/wp\/v2\/media\/13350"}],"wp:attachment":[{"href":"https:\/\/www.finsdesiecles-artdeco.com\/fr\/wp-json\/wp\/v2\/media?parent=13384"}],"wp:term":[{"taxonomy":"product_brand","embeddable":true,"href":"https:\/\/www.finsdesiecles-artdeco.com\/fr\/wp-json\/wp\/v2\/product_brand?post=13384"},{"taxonomy":"product_cat","embeddable":true,"href":"https:\/\/www.finsdesiecles-artdeco.com\/fr\/wp-json\/wp\/v2\/product_cat?post=13384"},{"taxonomy":"product_tag","embeddable":true,"href":"https:\/\/www.finsdesiecles-artdeco.com\/fr\/wp-json\/wp\/v2\/product_tag?post=13384"}],"curies":[{"name":"wp","href":"https:\/\/api.w.org\/{rel}","templated":true}]}}