{"id":13556,"date":"2022-08-22T15:27:20","date_gmt":"2022-08-22T15:27:20","guid":{"rendered":"https:\/\/www.finsdesiecles-artdeco.com\/product\/coffee-tables-3\/"},"modified":"2022-08-22T15:30:16","modified_gmt":"2022-08-22T15:30:16","slug":"tables-basses-2","status":"publish","type":"product","link":"https:\/\/www.finsdesiecles-artdeco.com\/fr\/product\/tables-basses-2\/","title":{"rendered":"Paire de table basses &#8211; France 1960"},"content":{"rendered":"<p>Paire de tables basses\u00a0 &#8211; France, 1960<\/p>\n<p>&nbsp;<\/p>\n<p><strong>Dimensions<\/strong><\/p>\n<p>cm 60 x 60 x 31<\/p>\n<p>inches 23.62 x 23.62 x 12.2<\/p>\n","protected":false},"excerpt":{"rendered":"<p>Paire de tables basses \u00e0 structure et pi\u00e8tement en metal nickel\u00e9, plateau en palissandre de Rio verni au tampon.<\/p>\n<p>France vers 1960<\/p>\n<p><strong>Dimensions<\/strong><\/p>\n<p>cm 60 x 60 x 31<\/p>\n<p>inches 23.62 x 23.62 x 12.2<\/p>\n","protected":false},"featured_media":13532,"template":"","meta":{"_editorskit_title_hidden":false,"_editorskit_reading_time":0,"_editorskit_is_block_options_detached":false,"_editorskit_block_options_position":"{}","inline_featured_image":false},"product_brand":[],"product_cat":[256,291],"product_tag":[],"class_list":{"0":"post-13556","1":"product","2":"type-product","3":"status-publish","4":"has-post-thumbnail","6":"product_cat-tables","7":"product_cat-tables-basses","9":"first","10":"instock","11":"shipping-taxable","12":"purchasable","13":"product-type-simple"},"_links":{"self":[{"href":"https:\/\/www.finsdesiecles-artdeco.com\/fr\/wp-json\/wp\/v2\/product\/13556","targetHints":{"allow":["GET"]}}],"collection":[{"href":"https:\/\/www.finsdesiecles-artdeco.com\/fr\/wp-json\/wp\/v2\/product"}],"about":[{"href":"https:\/\/www.finsdesiecles-artdeco.com\/fr\/wp-json\/wp\/v2\/types\/product"}],"wp:featuredmedia":[{"embeddable":true,"href":"https:\/\/www.finsdesiecles-artdeco.com\/fr\/wp-json\/wp\/v2\/media\/13532"}],"wp:attachment":[{"href":"https:\/\/www.finsdesiecles-artdeco.com\/fr\/wp-json\/wp\/v2\/media?parent=13556"}],"wp:term":[{"taxonomy":"product_brand","embeddable":true,"href":"https:\/\/www.finsdesiecles-artdeco.com\/fr\/wp-json\/wp\/v2\/product_brand?post=13556"},{"taxonomy":"product_cat","embeddable":true,"href":"https:\/\/www.finsdesiecles-artdeco.com\/fr\/wp-json\/wp\/v2\/product_cat?post=13556"},{"taxonomy":"product_tag","embeddable":true,"href":"https:\/\/www.finsdesiecles-artdeco.com\/fr\/wp-json\/wp\/v2\/product_tag?post=13556"}],"curies":[{"name":"wp","href":"https:\/\/api.w.org\/{rel}","templated":true}]}}