{"id":13610,"date":"2020-05-25T12:07:26","date_gmt":"2020-05-25T12:07:26","guid":{"rendered":"https:\/\/www.finsdesiecles-artdeco.com\/product\/art-deco-blown-glass-vase-czechoslovakia-1930\/"},"modified":"2022-08-27T10:55:32","modified_gmt":"2022-08-27T10:55:32","slug":"art-deco-blown-glass-vase-czechoslovakia-1930","status":"publish","type":"product","link":"https:\/\/www.finsdesiecles-artdeco.com\/fr\/product\/art-deco-blown-glass-vase-czechoslovakia-1930\/","title":{"rendered":"Vase en verre souffl\u00e9 Art D\u00e9co &#8211; Tch\u00e9coslovaquie 1930"},"content":{"rendered":"<p>Vase en verre souffl\u00e9 Art D\u00e9co &#8211; Tch\u00e9coslovaquie, 1930<\/p>\n<hr \/>\n<p><b>Dimensions<\/b><\/p>\n<ul>\n<li><b>cm:<\/b> 18 x 9 x 16<\/li>\n<li><b>inches:<\/b> 7.09 x 3.54 x 6.3<\/li>\n<\/ul>\n","protected":false},"excerpt":{"rendered":"<p>Vase Art D\u00e9co en verre souffl\u00e9 et grav\u00e9 \u00e0 l&rsquo;acide, \u00e0 d\u00e9cor d&rsquo;un faune jouant de la fl\u00fbte.<\/p>\n<p>Tch\u00e9coslovaquie c. 1930<\/p>\n<p><b>Dimensions<\/b><\/p>\n<ul>\n<li><b>cm:<\/b> 18 x 9 x 16<\/li>\n<li><b>inches:<\/b> 7.09 x 3.54 x 6.3<\/li>\n<\/ul>\n","protected":false},"featured_media":6270,"template":"","meta":{"_editorskit_title_hidden":false,"_editorskit_reading_time":0,"_editorskit_is_block_options_detached":false,"_editorskit_block_options_position":"{}","inline_featured_image":false},"product_brand":[],"product_cat":[267,680],"product_tag":[],"class_list":{"0":"post-13610","1":"product","2":"type-product","3":"status-publish","4":"has-post-thumbnail","6":"product_cat-objets-et-accessoires","7":"product_cat-verre","9":"first","10":"instock","11":"purchasable","12":"product-type-simple"},"_links":{"self":[{"href":"https:\/\/www.finsdesiecles-artdeco.com\/fr\/wp-json\/wp\/v2\/product\/13610","targetHints":{"allow":["GET"]}}],"collection":[{"href":"https:\/\/www.finsdesiecles-artdeco.com\/fr\/wp-json\/wp\/v2\/product"}],"about":[{"href":"https:\/\/www.finsdesiecles-artdeco.com\/fr\/wp-json\/wp\/v2\/types\/product"}],"wp:featuredmedia":[{"embeddable":true,"href":"https:\/\/www.finsdesiecles-artdeco.com\/fr\/wp-json\/wp\/v2\/media\/6270"}],"wp:attachment":[{"href":"https:\/\/www.finsdesiecles-artdeco.com\/fr\/wp-json\/wp\/v2\/media?parent=13610"}],"wp:term":[{"taxonomy":"product_brand","embeddable":true,"href":"https:\/\/www.finsdesiecles-artdeco.com\/fr\/wp-json\/wp\/v2\/product_brand?post=13610"},{"taxonomy":"product_cat","embeddable":true,"href":"https:\/\/www.finsdesiecles-artdeco.com\/fr\/wp-json\/wp\/v2\/product_cat?post=13610"},{"taxonomy":"product_tag","embeddable":true,"href":"https:\/\/www.finsdesiecles-artdeco.com\/fr\/wp-json\/wp\/v2\/product_tag?post=13610"}],"curies":[{"name":"wp","href":"https:\/\/api.w.org\/{rel}","templated":true}]}}