{"id":13907,"date":"2022-09-01T11:31:41","date_gmt":"2022-09-01T11:31:41","guid":{"rendered":"https:\/\/www.finsdesiecles-artdeco.com\/product\/rack-magazine\/"},"modified":"2022-11-10T10:24:43","modified_gmt":"2022-11-10T10:24:43","slug":"porte-revues","status":"publish","type":"product","link":"https:\/\/www.finsdesiecles-artdeco.com\/fr\/product\/porte-revues\/","title":{"rendered":"Paire de porte-revues pliants par Cees Braakman"},"content":{"rendered":"<p>Paire de porte-revues pliants par Cees Braakman<\/p>\n<p>&nbsp;<\/p>\n<p><strong>Dimensions<\/strong><\/p>\n<p>cm 30 x 56 x 45<\/p>\n<p>inches 11.8 x 22.04 x 17.71<\/p>\n","protected":false},"excerpt":{"rendered":"<p>Paire de porte-revues pliants en h\u00eatre teint\u00e9 et verni \u00e0 la gomme-laque.<\/p>\n<p>Design de Cees Braakman pour Pastoe.<\/p>\n<p>Pays-Bas vers 1960.<\/p>\n<p>&nbsp;<\/p>\n<p><strong>Dimensions<\/strong><\/p>\n<p>cm 30 x 56 x 45<\/p>\n<p>inches 11.8 x 22.04 x 17.71<\/p>\n","protected":false},"featured_media":13877,"template":"","meta":{"_editorskit_title_hidden":false,"_editorskit_reading_time":0,"_editorskit_is_block_options_detached":false,"_editorskit_block_options_position":"{}","inline_featured_image":false},"product_brand":[],"product_cat":[686],"product_tag":[688],"class_list":{"0":"post-13907","1":"product","2":"type-product","3":"status-publish","4":"has-post-thumbnail","6":"product_cat-divers","7":"product_tag-magazine-racks-fr","9":"first","10":"instock","11":"shipping-taxable","12":"purchasable","13":"product-type-simple"},"_links":{"self":[{"href":"https:\/\/www.finsdesiecles-artdeco.com\/fr\/wp-json\/wp\/v2\/product\/13907","targetHints":{"allow":["GET"]}}],"collection":[{"href":"https:\/\/www.finsdesiecles-artdeco.com\/fr\/wp-json\/wp\/v2\/product"}],"about":[{"href":"https:\/\/www.finsdesiecles-artdeco.com\/fr\/wp-json\/wp\/v2\/types\/product"}],"wp:featuredmedia":[{"embeddable":true,"href":"https:\/\/www.finsdesiecles-artdeco.com\/fr\/wp-json\/wp\/v2\/media\/13877"}],"wp:attachment":[{"href":"https:\/\/www.finsdesiecles-artdeco.com\/fr\/wp-json\/wp\/v2\/media?parent=13907"}],"wp:term":[{"taxonomy":"product_brand","embeddable":true,"href":"https:\/\/www.finsdesiecles-artdeco.com\/fr\/wp-json\/wp\/v2\/product_brand?post=13907"},{"taxonomy":"product_cat","embeddable":true,"href":"https:\/\/www.finsdesiecles-artdeco.com\/fr\/wp-json\/wp\/v2\/product_cat?post=13907"},{"taxonomy":"product_tag","embeddable":true,"href":"https:\/\/www.finsdesiecles-artdeco.com\/fr\/wp-json\/wp\/v2\/product_tag?post=13907"}],"curies":[{"name":"wp","href":"https:\/\/api.w.org\/{rel}","templated":true}]}}