{"id":13946,"date":"2022-09-02T10:15:54","date_gmt":"2022-09-02T10:15:54","guid":{"rendered":"https:\/\/www.finsdesiecles-artdeco.com\/product\/medical-display-cabinet-italy-1945-50\/"},"modified":"2022-09-02T10:48:21","modified_gmt":"2022-09-02T10:48:21","slug":"vitrine","status":"publish","type":"product","link":"https:\/\/www.finsdesiecles-artdeco.com\/fr\/product\/vitrine\/","title":{"rendered":"Vitrine m\u00e9dicale &#8211; Italie 1945-50"},"content":{"rendered":"<p>Vitrine m\u00e9dicale &#8211; Italie, 1945-50<\/p>\n<p>&nbsp;<\/p>\n<p><strong>Dimensions\u00a0<\/strong><\/p>\n<p>cm 65 x 35 x 159<\/p>\n<p>inches 25.6 x 17.77 x 62.6<\/p>\n","protected":false},"excerpt":{"rendered":"<p>Vitrine m\u00e9dicale en acier peint d\u2019une peinture \u00ab\u00a0martel\u00e9e\u00a0\u00bb vert m\u00e9tallis\u00e9. Pi\u00e8tement et porte en aluminium poli. Etag\u00e8res originales en verre. Serrure et ses deux clefs en parfait \u00e9tat.<\/p>\n<p>Italie vers 1945-50<\/p>\n<p>&nbsp;<\/p>\n<p><strong>Dimensions\u00a0<\/strong><\/p>\n<p>cm 65 x 35 x 159<\/p>\n<p>inches 25.6 x 17.77 x 62.6<\/p>\n","protected":false},"featured_media":13914,"template":"","meta":{"_editorskit_title_hidden":false,"_editorskit_reading_time":0,"_editorskit_is_block_options_detached":false,"_editorskit_block_options_position":"{}","inline_featured_image":false},"product_brand":[],"product_cat":[276,415,691,450],"product_tag":[692],"class_list":{"0":"post-13946","1":"product","2":"type-product","3":"status-publish","4":"has-post-thumbnail","6":"product_cat-auxiliaires","7":"product_cat-meubles-de-rangement","8":"product_cat-cabinets-2-fr","9":"product_cat-vitrines-fr","10":"product_tag-vitrine","12":"first","13":"instock","14":"shipping-taxable","15":"purchasable","16":"product-type-simple"},"_links":{"self":[{"href":"https:\/\/www.finsdesiecles-artdeco.com\/fr\/wp-json\/wp\/v2\/product\/13946","targetHints":{"allow":["GET"]}}],"collection":[{"href":"https:\/\/www.finsdesiecles-artdeco.com\/fr\/wp-json\/wp\/v2\/product"}],"about":[{"href":"https:\/\/www.finsdesiecles-artdeco.com\/fr\/wp-json\/wp\/v2\/types\/product"}],"wp:featuredmedia":[{"embeddable":true,"href":"https:\/\/www.finsdesiecles-artdeco.com\/fr\/wp-json\/wp\/v2\/media\/13914"}],"wp:attachment":[{"href":"https:\/\/www.finsdesiecles-artdeco.com\/fr\/wp-json\/wp\/v2\/media?parent=13946"}],"wp:term":[{"taxonomy":"product_brand","embeddable":true,"href":"https:\/\/www.finsdesiecles-artdeco.com\/fr\/wp-json\/wp\/v2\/product_brand?post=13946"},{"taxonomy":"product_cat","embeddable":true,"href":"https:\/\/www.finsdesiecles-artdeco.com\/fr\/wp-json\/wp\/v2\/product_cat?post=13946"},{"taxonomy":"product_tag","embeddable":true,"href":"https:\/\/www.finsdesiecles-artdeco.com\/fr\/wp-json\/wp\/v2\/product_tag?post=13946"}],"curies":[{"name":"wp","href":"https:\/\/api.w.org\/{rel}","templated":true}]}}